{"id":65369,"date":"2026-04-30T13:00:59","date_gmt":"2026-04-30T11:00:59","guid":{"rendered":"https:\/\/muserolling.ch\/?page_id=65369"},"modified":"2026-05-10T20:49:34","modified_gmt":"2026-05-10T18:49:34","slug":"nos-amis","status":"publish","type":"page","link":"https:\/\/muserolling.ch\/en\/nos-amis\/","title":{"rendered":"Nos amis"},"content":{"rendered":"<div id=\"ami-intro-bloc\"     class=\"vc_row wpb_row section vc_row-fluid\" style=' text-align:center;'><div class=\"full_section_inner clearfix\"><div class=\"wpb_column vc_column_container vc_col-sm-12\"><div class=\"vc_column-inner\"><div class=\"wpb_wrapper\">\n\t<div class=\"wpb_raw_code wpb_content_element wpb_raw_html\" >\n\t\t<div class=\"wpb_wrapper\">\n\t\t\t<div class=\"ami-intro-sub\">\n\n<div class=\"ami-intro-titre\">nos amis<\/div>\n\n<div class=\"ami-intro-texte\">\nParce que le d\u00e9veloppement durable se construit aussi \u00e0 travers des rencontres et des collaborations de qualit\u00e9, nous avons r\u00e9uni ici des partenaires et entreprises dont les valeurs r\u00e9sonnent avec les n\u00f4tres : exigence, authenticit\u00e9, approche humaine et engagement concret.\n<br>\nCes \u00ab amis \u00bb partagent la m\u00eame conviction que nous : les vraies transitions durables naissent d\u2019une r\u00e9flexion juste, d\u2019actions r\u00e9alistes et d\u2019un accompagnement sur-mesure.\n<br><br>\nD\u00e9couvrez leurs univers et leurs expertises.\n<\/div>\n\n<\/div>\n\t\t<\/div>\n\t<\/div>\n<\/div><\/div><\/div><\/div><\/div><div id=\"ami-bj\"     class=\"vc_row wpb_row section vc_row-fluid  ami-bloc\" style=' text-align:center;'><div class=\"full_section_inner clearfix\"><div class=\"wpb_column vc_column_container vc_col-sm-12\"><div class=\"vc_column-inner\"><div class=\"wpb_wrapper\">\n\t<div class=\"wpb_raw_code wpb_content_element wpb_raw_html\" >\n\t\t<div class=\"wpb_wrapper\">\n\t\t\t<h2 class=\"ami-titre\">BJ Office & Coffee<\/h2>\n<div class=\"ami-soustitre\">am\u00e9nagement d'espaces \/ office & coffee<\/div>\n\n\n    <div class=\"ami-design\">\n        <div class=\"ami-photo ami1\"><\/div>\n        <div class=\"ami-photo ami2\"><\/div>\n        <div class=\"ami-photo ami3\"><\/div>\n        <div class=\"ami-photo ami4\"><\/div>\n    <\/div>\n\n<div class=\"ami-texte\">\nDepuis sa cr\u00e9ation en 1910, l\u2019excellence de nos services vise \u00e0 gagner et \u00e0 pr\u00e9server la confiance de toutes les parties prenantes. En tant qu\u2019entreprise familiale, nous sommes attach\u00e9s \u00e0 la ma\u00eetrise des savoir-faire et \u00e0 l\u2019int\u00e9gration des derni\u00e8res innovations. En coh\u00e9rence avec nos valeurs, nous nous adaptons aux exigences environnementales, sociales et de gouvernance (ESG) de nos clients.\n<br><br>\nBJ office & coffee est ainsi le partenaire, \u00e0 Gen\u00e8ve et en Suisse, de nombreuses organisations \u00e0 la recherche de l\u2019excellence, tant dans leur cadre de travail, que dans les relations avec leurs propres clients et leurs collaborateurs.\nNotre fonctionnement refl\u00e8te une volont\u00e9 de procurer \u00e0 nos clients des services \u00e0 forte valeur ajout\u00e9e, incluant solutions personnalis\u00e9es et produits haut de gamme.\n<\/div>\n\n<div class=\"ami-link\"><a href=\"https:\/\/bj-officecoffee.ch\/\" rel=\"noopener\" target=\"_blank\">lien vers BJ Office & Coffee<\/a><\/div>\n\t\t<\/div>\n\t<\/div>\n<\/div><\/div><\/div><\/div><\/div><div id=\"ami-musecoaching\"     class=\"vc_row wpb_row section vc_row-fluid  ami-bloc\" style=' text-align:center;'><div class=\"full_section_inner clearfix\"><div class=\"wpb_column vc_column_container vc_col-sm-12\"><div class=\"vc_column-inner\"><div class=\"wpb_wrapper\">\n\t<div class=\"wpb_raw_code wpb_content_element wpb_raw_html\" >\n\t\t<div class=\"wpb_wrapper\">\n\t\t\t<h2 class=\"ami-titre\">Muse Coaching<\/h2>\n<div class=\"ami-soustitre\">coaching & pilotage en d\u00e9veloppement durable<\/div>\n\n\n    <div class=\"ami-design\">\n        <div class=\"ami-photo ami1\"><\/div>\n        <div class=\"ami-photo ami2\"><\/div>\n        <div class=\"ami-photo ami3\"><\/div>\n        <div class=\"ami-photo ami4\"><\/div>\n    <\/div>\n\n<div class=\"ami-texte\">\nMuse Coaching accompagne les organisations qui s'interrogent sur leurs prochains d\u00e9fis en d\u00e9veloppement durable. Par exemple pour am\u00e9liorer votre marque employeur, ou pour tant d\u2019autres raisons.<br>\nAvant de recevoir des \"solutions\". Avant les strat\u00e9gies. Avant le cadre et formatage. Avant les conseils.<br>\nC'est l\u00e0 que Muse Coaching intervient.\n<br><br>\nLe d\u00e9veloppement durable est un engagement positif et strat\u00e9gique. Il s'agit d'un leadership responsable et en action. Vers une direction claire. Un choix de long terme pour le bien de tous dans les limites des ressources plan\u00e9taires. Beaucoup d'organisations n'ont pas d'abord besoin de reporting et de contraintes ext\u00e9rieures. Le coaching en durabilit\u00e9 cr\u00e9e un espace pour se poser, r\u00e9fl\u00e9chir et s'aligner ou se r\u00e9aligner. Nous \u00e9coutons, nous posons des questions. Nous exprimons un avis, nous \u00ab challengeons \u00bb, sans complaisance, avec bienveillance. Nous aidons \u00e0 identifier les croyances limitantes, les blocages, les peurs, les contraintes diffuses. Nous aidons \u00e0 (re)connecter les d\u00e9cisions et vos valeurs.\n<br><br>\n\u00c0 la diff\u00e9rence du conseil, nous \u00e9vitons les r\u00e9ponses toutes faites, les mod\u00e8les contraignants. Nous vous aidons \u00e0 d\u00e9finir votre strat\u00e9gie, sans vous imposer la n\u00f4tre, une autre. Bien entendu, nous pouvons vous conseiller. Seulement quand c'est n\u00e9cessaire, seulement quand c'est votre demande.\n<\/div>\n\n<div class=\"ami-link\"><a href=\"https:\/\/www.muse-coaching.net\/\" rel=\"noopener\" target=\"_blank\">lien vers Muse Coaching<\/a><\/div>\n\t\t<\/div>\n\t<\/div>\n<\/div><\/div><\/div><\/div><\/div><div id=\"ami-doubleyou\"     class=\"vc_row wpb_row section vc_row-fluid  ami-bloc\" style=' text-align:center;'><div class=\"full_section_inner clearfix\"><div class=\"wpb_column vc_column_container vc_col-sm-12\"><div class=\"vc_column-inner\"><div class=\"wpb_wrapper\">\n\t<div class=\"wpb_raw_code wpb_content_element wpb_raw_html\" >\n\t\t<div class=\"wpb_wrapper\">\n\t\t\t<h2 class=\"ami-titre\">DoubleYou Team<\/h2>\n<div class=\"ami-soustitre\">voile \/ navigation<\/div>\n\n\n    <div class=\"ami-design\">\n        <div class=\"ami-photo ami1\"><\/div>\n        <div class=\"ami-photo ami2\"><\/div>\n        <div class=\"ami-photo ami3\"><\/div>\n        <div class=\"ami-photo ami4\"><\/div>\n    <\/div>\n\n<div class=\"ami-texte\">\nFond\u00e9e en 2013, l'\u00e9quipe Double You Team rassemble des jeunes talents de la voile l\u00e9manique.\u00a0Avec un palmar\u00e8s unique, l'\u00e9quipe incarne la passion et l'excellence. Passion, partage, performance, esprit d'\u00e9quipe et excellence sont les valeurs que v\u00e9hicule ce projet, notamment pour la future saison 2025\/2026.\n<br><br>\nCon\u00e7u par le bureau d'architectes Sebschmidt en 2004, le decision 35 est un bateau exclusivement destin\u00e9 \u00e0 la comp\u00e9tition. Ce multicoque a \u00e9t\u00e9 sp\u00e9cialement con\u00e7u pour des conditions de vent l\u00e9g\u00e8res, conditions pr\u00e9dominantes sur le L\u00e9man ; il est dot\u00e9 d'un rapport poids\/puissance exceptionnel. Sa structure pr\u00e9sente une vraie particularit\u00e9 : le bateau est compos\u00e9 de trois coques, seules deux d'entres elles sont des flotteurs. La coque centrale sert d'\u00e9l\u00e9ment structurel, rigidifiant et absorbant les contraintes de la structure et du gr\u00e9ment. Cette solution l\u00e9g\u00e8re est performante permet une excellente a\u00e9rodynamique.\n<\/div>\n\n<div class=\"ami-link\"><a href=\"https:\/\/www.doubleyou-team.com\/\" rel=\"noopener\" target=\"_blank\">lien vers DoubleYou Team<\/a><\/div>\n\t\t<\/div>\n\t<\/div>\n<\/div><\/div><\/div><\/div><\/div><div id=\"ami-fsde\"     class=\"vc_row wpb_row section vc_row-fluid  ami-bloc\" style=' text-align:center;'><div class=\"full_section_inner clearfix\"><div class=\"wpb_column vc_column_container vc_col-sm-12\"><div class=\"vc_column-inner\"><div class=\"wpb_wrapper\">\n\t<div class=\"wpb_raw_code wpb_content_element wpb_raw_html\" >\n\t\t<div class=\"wpb_wrapper\">\n\t\t\t<h2 class=\"ami-titre\">F\u00e9d\u00e9ration Suisse des Entreprises<\/h2>\n<div class=\"ami-soustitre\">institution<\/div>\n\n\n    <div class=\"ami-design\">\n        <div class=\"ami-photo ami1\"><\/div>\n        <div class=\"ami-photo ami2\"><\/div>\n        <div class=\"ami-photo ami3\"><\/div>\n        <div class=\"ami-photo ami4\"><\/div>\n    <\/div>\n\n<div class=\"ami-texte\">\nNous nous engageons pour une \u00e9conomie prosp\u00e8re, respectueuse des limites plan\u00e9taires et de la justice sociale, en f\u00e9d\u00e9rant, repr\u00e9sentant et accompagnant les entreprises \u00e0 l\u2019\u00e9chelle nationale et r\u00e9gionale.\n<br><br>\nNous aspirons \u00e0 une Suisse dont les conditions-cadres permettent le d\u00e9veloppement d\u2019une \u00e9conomie prosp\u00e8re, qui respecte les limites plan\u00e9taires tout en renfor\u00e7ant la justice sociale. Nous nous engageons pour que chaque entreprise int\u00e8gre les principes de durabilit\u00e9 comme un \u00e9l\u00e9ment essentiel au c\u0153ur de sa strat\u00e9gie et de ses activit\u00e9s. Nous visons \u00e0 devenir la fa\u00eeti\u00e8re \u00e9conomique de r\u00e9f\u00e9rence pour les entreprises responsables, en nous appuyant sur des connaissances scientifiques solides.\n<\/div>\n\n<div class=\"ami-link\"><a href=\"https:\/\/www.federationdesentreprises.ch\/\" rel=\"noopener\" target=\"_blank\">lien vers FSDE<\/a><\/div>\n\t\t<\/div>\n\t<\/div>\n<\/div><\/div><\/div><\/div><\/div><div id=\"ami-timeforoceans\"     class=\"vc_row wpb_row section vc_row-fluid  ami-bloc\" style=' text-align:center;'><div class=\"full_section_inner clearfix\"><div class=\"wpb_column vc_column_container vc_col-sm-12\"><div class=\"vc_column-inner\"><div class=\"wpb_wrapper\">\n\t<div class=\"wpb_raw_code wpb_content_element wpb_raw_html\" >\n\t\t<div class=\"wpb_wrapper\">\n\t\t\t<h2 class=\"ami-titre\">Time for Oceans<\/h2>\n<div class=\"ami-soustitre\">navigation<\/div>\n\n\n    <div class=\"ami-design\">\n        <div class=\"ami-photo ami1\"><\/div>\n        <div class=\"ami-photo ami2\"><\/div>\n        <div class=\"ami-photo ami3\"><\/div>\n        <div class=\"ami-photo ami4\"><\/div>\n    <\/div>\n\n<div class=\"ami-texte\">\nPassionn\u00e9 par la mer, St\u00e9phane Le Diraison commence sa carri\u00e8re d\u2019ing\u00e9nieur \/ architecte naval \u00e0 la F\u00e9d\u00e9ration des Industries Nautiques, puis rejoint l\u2019ICNN o\u00f9 il r\u00e9alise de nombreuses \u00e9valuations techniques sur des navires de plaisance. En 2008, il int\u00e8gre Bureau Veritas comme expert structure et coque avant de devenir responsable des \u00c9nergies Marines Renouvelables, liant ainsi ing\u00e9nierie et engagement environnemental.\n<br><br>\nEn 2011 il cr\u00e9e la soci\u00e9t\u00e9 Arcus avec laquelle il pilote la conception et l\u2019optimisation de voiliers de course, participant \u00e0 de grandes \u00e9preuves oc\u00e9aniques, dont les\u00a0Vend\u00e9e Globe 2016 & 2020.\u00a0\n<br><br>\nDepuis 2018 il d\u00e9veloppe des bateaux \u00e0 faible impact environnemental avec sa marque Time For Oceans. Le DG 5.5, scow de 5m50 avec un bilan CO2 de -30% a \u00e9t\u00e9 expos\u00e9 au Grand Pavois 2025.\u00a0 Enfin, il s\u2019investit dans le\u00a0transport maritime\u00a0\u00e0 la voile\u00a0avec Insail, qui ouvrira une premi\u00e8re ligne aux Canaries en 2027.\n<br><br>\nNavigateur avec un solide palmar\u00e8s, St\u00e9phane embarque entreprises et particuliers sur son voilier\u00a0Time For Oceans II\u00a0pour des navigations th\u00e9matiques et des exp\u00e9riences immersives.\n\n<\/div>\n\n<div class=\"ami-link\"><a href=\"https:\/\/www.timeforoceans.com\/\" rel=\"noopener\" target=\"_blank\">lien vers TimeForOceans<\/a><\/div>\n\t\t<\/div>\n\t<\/div>\n<\/div><\/div><\/div><\/div><\/div><div      class=\"vc_row wpb_row section vc_row-fluid\" style=' text-align:left;'><div class=\"full_section_inner clearfix\"><div class=\"wpb_column vc_column_container vc_col-sm-12\"><div class=\"vc_column-inner\"><div class=\"wpb_wrapper\">\t<div class=\"vc_empty_space\"  style=\"height: 5em\" ><span\n\t\t\tclass=\"vc_empty_space_inner\">\n\t\t\t<span class=\"empty_space_image\"  ><\/span>\n\t\t<\/span><\/div>\n\n<\/div><\/div><\/div><\/div><\/div>","protected":false},"excerpt":{"rendered":"nos amis Parce que le d\u00e9veloppement durable se construit aussi \u00e0 travers des rencontres et des collaborations de qualit\u00e9, nous avons r\u00e9uni ici des partenaires et entreprises dont les valeurs r\u00e9sonnent avec les n\u00f4tres : exigence, authenticit\u00e9, approche humaine et engagement concret. Ces \u00ab amis...","protected":false},"author":11,"featured_media":0,"parent":0,"menu_order":0,"comment_status":"closed","ping_status":"closed","template":"full_width.php","meta":{"cybocfi_hide_featured_image":"","footnotes":""},"yoast_head":"<!-- This site is optimized with the Yoast SEO plugin v17.5 - https:\/\/yoast.com\/wordpress\/plugins\/seo\/ -->\n<title>Nos amis - Muse Rolling<\/title>\n<meta name=\"robots\" content=\"index, follow, max-snippet:-1, max-image-preview:large, max-video-preview:-1\" \/>\n<link rel=\"canonical\" href=\"https:\/\/muserolling.ch\/en\/nos-amis\/\" \/>\n<meta property=\"og:locale\" content=\"en_GB\" \/>\n<meta property=\"og:type\" content=\"article\" \/>\n<meta property=\"og:title\" content=\"Nos amis - Muse Rolling\" \/>\n<meta property=\"og:url\" content=\"https:\/\/muserolling.ch\/en\/nos-amis\/\" \/>\n<meta property=\"og:site_name\" content=\"Muse Rolling\" \/>\n<meta property=\"article:publisher\" content=\"https:\/\/www.facebook.com\/muserolling\/\" \/>\n<meta property=\"article:modified_time\" content=\"2026-05-10T18:49:34+00:00\" \/>\n<meta name=\"twitter:card\" content=\"summary_large_image\" \/>\n<script type=\"application\/ld+json\" class=\"yoast-schema-graph\">{\"@context\":\"https:\/\/schema.org\",\"@graph\":[{\"@type\":\"Organization\",\"@id\":\"https:\/\/muserolling.ch\/#organization\",\"name\":\"Muse Rolling\",\"url\":\"https:\/\/muserolling.ch\/\",\"sameAs\":[\"https:\/\/www.facebook.com\/muserolling\/\",\"https:\/\/www.instagram.com\/muserollingswitzerland\/\",\"https:\/\/www.linkedin.com\/in\/muse-rolling-28694b198\/\",\"https:\/\/www.youtube.com\/channel\/UCDagAEM9kRO6j7XiXIgMhAQ\",\"https:\/\/www.pinterest.fr\/muserollingch\/\"],\"logo\":{\"@type\":\"ImageObject\",\"@id\":\"https:\/\/muserolling.ch\/#logo\",\"inLanguage\":\"en-GB\",\"url\":\"https:\/\/muserolling.ch\/wp-content\/uploads\/2019\/10\/Logo-Muse-Rolling.png\",\"contentUrl\":\"https:\/\/muserolling.ch\/wp-content\/uploads\/2019\/10\/Logo-Muse-Rolling.png\",\"width\":1388,\"height\":439,\"caption\":\"Muse Rolling\"},\"image\":{\"@id\":\"https:\/\/muserolling.ch\/#logo\"}},{\"@type\":\"WebSite\",\"@id\":\"https:\/\/muserolling.ch\/#website\",\"url\":\"https:\/\/muserolling.ch\/\",\"name\":\"Muse Rolling\",\"description\":\"Inspiring Urban Motion\",\"publisher\":{\"@id\":\"https:\/\/muserolling.ch\/#organization\"},\"potentialAction\":[{\"@type\":\"SearchAction\",\"target\":{\"@type\":\"EntryPoint\",\"urlTemplate\":\"https:\/\/muserolling.ch\/?s={search_term_string}\"},\"query-input\":\"required name=search_term_string\"}],\"inLanguage\":\"en-GB\"},{\"@type\":\"WebPage\",\"@id\":\"https:\/\/muserolling.ch\/nos-amis\/#webpage\",\"url\":\"https:\/\/muserolling.ch\/nos-amis\/\",\"name\":\"Nos amis - Muse Rolling\",\"isPartOf\":{\"@id\":\"https:\/\/muserolling.ch\/#website\"},\"datePublished\":\"2026-04-30T11:00:59+00:00\",\"dateModified\":\"2026-05-10T18:49:34+00:00\",\"breadcrumb\":{\"@id\":\"https:\/\/muserolling.ch\/nos-amis\/#breadcrumb\"},\"inLanguage\":\"en-GB\",\"potentialAction\":[{\"@type\":\"ReadAction\",\"target\":[\"https:\/\/muserolling.ch\/nos-amis\/\"]}]},{\"@type\":\"BreadcrumbList\",\"@id\":\"https:\/\/muserolling.ch\/nos-amis\/#breadcrumb\",\"itemListElement\":[{\"@type\":\"ListItem\",\"position\":1,\"name\":\"Accueil\",\"item\":\"https:\/\/muserolling.ch\/\"},{\"@type\":\"ListItem\",\"position\":2,\"name\":\"Nos amis\"}]}]}<\/script>\n<!-- \/ Yoast SEO plugin. -->","yoast_head_json":{"title":"Nos amis - Muse Rolling","robots":{"index":"index","follow":"follow","max-snippet":"max-snippet:-1","max-image-preview":"max-image-preview:large","max-video-preview":"max-video-preview:-1"},"canonical":"https:\/\/muserolling.ch\/en\/nos-amis\/","og_locale":"en_GB","og_type":"article","og_title":"Nos amis - Muse Rolling","og_url":"https:\/\/muserolling.ch\/en\/nos-amis\/","og_site_name":"Muse Rolling","article_publisher":"https:\/\/www.facebook.com\/muserolling\/","article_modified_time":"2026-05-10T18:49:34+00:00","twitter_card":"summary_large_image","schema":{"@context":"https:\/\/schema.org","@graph":[{"@type":"Organization","@id":"https:\/\/muserolling.ch\/#organization","name":"Muse Rolling","url":"https:\/\/muserolling.ch\/","sameAs":["https:\/\/www.facebook.com\/muserolling\/","https:\/\/www.instagram.com\/muserollingswitzerland\/","https:\/\/www.linkedin.com\/in\/muse-rolling-28694b198\/","https:\/\/www.youtube.com\/channel\/UCDagAEM9kRO6j7XiXIgMhAQ","https:\/\/www.pinterest.fr\/muserollingch\/"],"logo":{"@type":"ImageObject","@id":"https:\/\/muserolling.ch\/#logo","inLanguage":"en-GB","url":"https:\/\/muserolling.ch\/wp-content\/uploads\/2019\/10\/Logo-Muse-Rolling.png","contentUrl":"https:\/\/muserolling.ch\/wp-content\/uploads\/2019\/10\/Logo-Muse-Rolling.png","width":1388,"height":439,"caption":"Muse Rolling"},"image":{"@id":"https:\/\/muserolling.ch\/#logo"}},{"@type":"WebSite","@id":"https:\/\/muserolling.ch\/#website","url":"https:\/\/muserolling.ch\/","name":"Muse Rolling","description":"Inspiring Urban Motion","publisher":{"@id":"https:\/\/muserolling.ch\/#organization"},"potentialAction":[{"@type":"SearchAction","target":{"@type":"EntryPoint","urlTemplate":"https:\/\/muserolling.ch\/?s={search_term_string}"},"query-input":"required name=search_term_string"}],"inLanguage":"en-GB"},{"@type":"WebPage","@id":"https:\/\/muserolling.ch\/nos-amis\/#webpage","url":"https:\/\/muserolling.ch\/nos-amis\/","name":"Nos amis - Muse Rolling","isPartOf":{"@id":"https:\/\/muserolling.ch\/#website"},"datePublished":"2026-04-30T11:00:59+00:00","dateModified":"2026-05-10T18:49:34+00:00","breadcrumb":{"@id":"https:\/\/muserolling.ch\/nos-amis\/#breadcrumb"},"inLanguage":"en-GB","potentialAction":[{"@type":"ReadAction","target":["https:\/\/muserolling.ch\/nos-amis\/"]}]},{"@type":"BreadcrumbList","@id":"https:\/\/muserolling.ch\/nos-amis\/#breadcrumb","itemListElement":[{"@type":"ListItem","position":1,"name":"Accueil","item":"https:\/\/muserolling.ch\/"},{"@type":"ListItem","position":2,"name":"Nos amis"}]}]}},"_links":{"self":[{"href":"https:\/\/muserolling.ch\/en\/wp-json\/wp\/v2\/pages\/65369"}],"collection":[{"href":"https:\/\/muserolling.ch\/en\/wp-json\/wp\/v2\/pages"}],"about":[{"href":"https:\/\/muserolling.ch\/en\/wp-json\/wp\/v2\/types\/page"}],"author":[{"embeddable":true,"href":"https:\/\/muserolling.ch\/en\/wp-json\/wp\/v2\/users\/11"}],"replies":[{"embeddable":true,"href":"https:\/\/muserolling.ch\/en\/wp-json\/wp\/v2\/comments?post=65369"}],"version-history":[{"count":19,"href":"https:\/\/muserolling.ch\/en\/wp-json\/wp\/v2\/pages\/65369\/revisions"}],"predecessor-version":[{"id":65432,"href":"https:\/\/muserolling.ch\/en\/wp-json\/wp\/v2\/pages\/65369\/revisions\/65432"}],"wp:attachment":[{"href":"https:\/\/muserolling.ch\/en\/wp-json\/wp\/v2\/media?parent=65369"}],"curies":[{"name":"wp","href":"https:\/\/api.w.org\/{rel}","templated":true}]}}