{"id":185,"date":"2018-03-27T09:15:36","date_gmt":"2018-03-27T09:15:36","guid":{"rendered":"http:\/\/bridge199.qodeinteractive.com\/?page_id=185"},"modified":"2024-01-19T16:05:19","modified_gmt":"2024-01-19T15:05:19","slug":"contact","status":"publish","type":"page","link":"https:\/\/muserolling.ch\/en\/contact\/","title":{"rendered":"Contact"},"content":{"rendered":"<div      class=\"vc_row wpb_row section vc_row-fluid  waiting-bandeau\" style=' text-align:left;'><div class=\"full_section_inner clearfix\"><div class=\"wpb_column vc_column_container vc_col-sm-12\"><div class=\"vc_column-inner\"><div class=\"wpb_wrapper\"><\/div><\/div><\/div><\/div><\/div><div      class=\"vc_row wpb_row section vc_row-fluid\" style=' text-align:left;'><div class=\"full_section_inner clearfix\"><div class=\"wpb_column vc_column_container vc_col-sm-12\"><div class=\"vc_column-inner\"><div class=\"wpb_wrapper\">\n\t<div class=\"wpb_raw_code wpb_content_element wpb_raw_html\" >\n\t\t<div class=\"wpb_wrapper\">\n\t\t\t<div class=\"kontakt-nfo\">\n<div class=\"kontakt-nfo1\">CONTACT US<\/div>\n<div class=\"kontakt-nfo2\">PLEASE COMPLETE THE FORM BELOW.<\/div>\n<\/div>\n\t\t<\/div>\n\t<\/div>\n<\/div><\/div><\/div><\/div><\/div><div id=\"bloc-formulaire\"     class=\"vc_row wpb_row section vc_row-fluid  grid_section\" style=' text-align:left;'><div class=\"section_inner clearfix\"><div class='section_inner_margin clearfix'><div class=\"wpb_column vc_column_container vc_col-sm-12\"><div class=\"vc_column-inner\"><div class=\"wpb_wrapper\"><div role=\"form\" class=\"wpcf7\" id=\"wpcf7-f415-o1\" lang=\"fr-FR\" dir=\"ltr\">\n<div class=\"screen-reader-response\"><\/div>\n<form action=\"\/en\/wp-json\/wp\/v2\/pages\/185#wpcf7-f415-o1\" method=\"post\" class=\"wpcf7-form cf7_custom_style_2\" novalidate=\"novalidate\" data-trp-original-action=\"\/en\/wp-json\/wp\/v2\/pages\/185#wpcf7-f415-o1\">\n<div style=\"display: none;\">\n<input type=\"hidden\" name=\"_wpcf7\" value=\"415\" \/>\n<input type=\"hidden\" name=\"_wpcf7_version\" value=\"5.1.6\" \/>\n<input type=\"hidden\" name=\"_wpcf7_locale\" value=\"fr_FR\" \/>\n<input type=\"hidden\" name=\"_wpcf7_unit_tag\" value=\"wpcf7-f415-o1\" \/>\n<input type=\"hidden\" name=\"_wpcf7_container_post\" value=\"0\" \/>\n<\/div>\n<p><label> Your name (required)<br \/>\n    <span class=\"wpcf7-form-control-wrap your-name\"><input type=\"text\" name=\"your-name\" value=\"\" size=\"40\" class=\"wpcf7-form-control wpcf7-text wpcf7-validates-as-required\" aria-required=\"true\" aria-invalid=\"false\" \/><\/span> <\/label><\/p>\n<p><label> Your email address (required)<br \/>\n    <span class=\"wpcf7-form-control-wrap your-email\"><input type=\"email\" name=\"your-email\" value=\"\" size=\"40\" class=\"wpcf7-form-control wpcf7-text wpcf7-email wpcf7-validates-as-required wpcf7-validates-as-email\" aria-required=\"true\" aria-invalid=\"false\" \/><\/span> <\/label><\/p>\n<p><label> Subject<br \/>\n    <span class=\"wpcf7-form-control-wrap your-subject\"><input type=\"text\" name=\"your-subject\" value=\"\" size=\"40\" class=\"wpcf7-form-control wpcf7-text\" aria-invalid=\"false\" \/><\/span> <\/label><\/p>\n<p><label> Your message<br \/>\n    <span class=\"wpcf7-form-control-wrap your-message\"><textarea name=\"your-message\" cols=\"40\" rows=\"10\" class=\"wpcf7-form-control wpcf7-textarea\" aria-invalid=\"false\"><\/textarea><\/span> <\/label><\/p>\n<p><input type=\"submit\" value=\"SUBMIT\" class=\"wpcf7-form-control wpcf7-submit\" \/><\/p>\n<div class=\"wpcf7-response-output wpcf7-display-none\"><\/div><input type=\"hidden\" name=\"trp-form-language\" value=\"en\"\/><\/form><\/div><\/div><\/div><\/div><\/div><\/div><\/div><div      class=\"vc_row wpb_row section vc_row-fluid\" style=' text-align:left;'><div class=\"full_section_inner clearfix\"><div class=\"wpb_column vc_column_container vc_col-sm-12\"><div class=\"vc_column-inner\"><div class=\"wpb_wrapper\">\n\t<div class=\"wpb_raw_code wpb_content_element wpb_raw_html\" >\n\t\t<div class=\"wpb_wrapper\">\n\t\t\t<div class=\"kontakt-confid\">I agree to my personal data being processed in accordance with Muse Rolling's privacy policy. <a href=\"#\">Read here.<\/a><\/div>\n\n\n\t\t<\/div>\n\t<\/div>\n<\/div><\/div><\/div><\/div><\/div><div id=\"bloc-kontakt-mail\"     class=\"vc_row wpb_row section vc_row-fluid\" style=' text-align:left;'><div class=\"full_section_inner clearfix\"><div class=\"wpb_column vc_column_container vc_col-sm-12\"><div class=\"vc_column-inner\"><div class=\"wpb_wrapper\">\n\t<div class=\"wpb_raw_code wpb_content_element wpb_raw_html\" >\n\t\t<div class=\"wpb_wrapper\">\n\t\t\t<div class=\"kontakt-mail\">\n<div>FOR ANY ASSISTANCE,<br>\nPLEASE CONTACT:<\/div>\n<a class=\"nf-tel\" href=\"tel: 41 76 626 90 72\" tabindex=\"-1\">+41 76 626 90 72<\/a>\n<div>OR BY EMAIL TO:<\/div>\n<a class=\"nf-mail\" href=\"mailto:info@muserolling.ch\">info@muserolling.ch<\/a>\n<\/div>\n\t\t<\/div>\n\t<\/div>\n<\/div><\/div><\/div><\/div><\/div><div      class=\"vc_row wpb_row section vc_row-fluid\" style=' text-align:left;'><div class=\"full_section_inner clearfix\"><div class=\"wpb_column vc_column_container vc_col-sm-12\"><div class=\"vc_column-inner\"><div class=\"wpb_wrapper\">\t<div class=\"vc_empty_space\"  style=\"height: 32px\" ><span\n\t\t\tclass=\"vc_empty_space_inner\">\n\t\t\t<span class=\"empty_space_image\"  ><\/span>\n\t\t<\/span><\/div>\n\n<\/div><\/div><\/div><\/div><\/div><div      class=\"vc_row wpb_row section vc_row-fluid\" style=' text-align:left;'><div class=\"full_section_inner clearfix\"><div class=\"wpb_column vc_column_container vc_col-sm-12\"><div class=\"vc_column-inner\"><div class=\"wpb_wrapper\">\n\t<div class=\"wpb_raw_code wpb_content_element wpb_raw_html\" >\n\t\t<div class=\"wpb_wrapper\">\n\t\t\t<!-- IMPORTANT : Ce bloc est destin\u00e9 UNIQUEMENT \u00e0 la version anglaise, cause que cette saloperie de TranslatePress ne comprend rien aux iframes ! Le parametre de langue est \u00e0 modifier dans l'onglet \"TranslatePress\" de la zone de modification de RANG\u00c9E ! (le bloc g\u00e9n\u00e9ral au-dessus de celui-l\u00e0) -->\n<div class=\"map-uktrad\">\n<img decoding=\"async\" src=\"https:\/\/muserolling.ch\/wp-content\/uploads\/2024\/01\/map-uktrad.png\" \/>\n<a href=\"https:\/\/www.google.fr\/maps\/@46.6687192,6.3077923,13.12z\" target=\"_blank\">GOOGLE MAP<\/a>\n<\/div>\n\n\t\t<\/div>\n\t<\/div>\n<\/div><\/div><\/div><\/div><\/div><div      class=\"vc_row wpb_row section vc_row-fluid\" style=' text-align:left;'><div class=\"full_section_inner clearfix\"><div class=\"wpb_column vc_column_container vc_col-sm-12\"><div class=\"vc_column-inner\"><div class=\"wpb_wrapper\">\n\t<div class=\"wpb_raw_code wpb_content_element wpb_raw_html\" >\n\t\t<div class=\"wpb_wrapper\">\n\t\t\t<div class=\"nico-icon-bloc\">\n<div class=\"nico-icon ni-eco\"><\/div>\n<div class=\"nico-icon ni-rou\"><\/div>\n<div class=\"nico-icon ni-pla\"><\/div>\n<div class=\"nico-icon ni-mob\"><\/div>\n<div class=\"nico-icon ni-sui\"><\/div>\n<\/div>\n\t\t<\/div>\n\t<\/div>\n<\/div><\/div><\/div><\/div><\/div><div id=\"nico-bandeau-kont-A\"     class=\"vc_row wpb_row section vc_row-fluid  nico-bandeau\" style=' text-align:left;'><div class=\"full_section_inner clearfix\"><div class=\"wpb_column vc_column_container vc_col-sm-12\"><div class=\"vc_column-inner\"><div class=\"wpb_wrapper\">\n\t<div class=\"wpb_single_image wpb_content_element vc_align_left\">\n\t\t<div class=\"wpb_wrapper\">\n\t\t\t\n\t\t\t<div class=\"vc_single_image-wrapper   vc_box_border_grey\"><img loading=\"lazy\" decoding=\"async\" width=\"1024\" height=\"683\" src=\"https:\/\/muserolling.ch\/wp-content\/uploads\/2023\/10\/pub-04-1024x683.jpg\" class=\"vc_single_image-img attachment-large\" alt=\"\" srcset=\"https:\/\/muserolling.ch\/wp-content\/uploads\/2023\/10\/pub-04-1024x683.jpg 1024w, https:\/\/muserolling.ch\/wp-content\/uploads\/2023\/10\/pub-04-300x200.jpg 300w, https:\/\/muserolling.ch\/wp-content\/uploads\/2023\/10\/pub-04-768x512.jpg 768w, https:\/\/muserolling.ch\/wp-content\/uploads\/2023\/10\/pub-04-1536x1024.jpg 1536w, https:\/\/muserolling.ch\/wp-content\/uploads\/2023\/10\/pub-04-2048x1365.jpg 2048w, https:\/\/muserolling.ch\/wp-content\/uploads\/2023\/10\/pub-04-700x467.jpg 700w, https:\/\/muserolling.ch\/wp-content\/uploads\/2023\/10\/pub-04-600x400.jpg 600w\" sizes=\"(max-width: 1024px) 100vw, 1024px\" \/><\/div>\n\t\t<\/div>\n\t<\/div>\n<\/div><\/div><\/div><\/div><\/div><div      class=\"vc_row wpb_row section vc_row-fluid\" style=' text-align:left;'><div class=\"full_section_inner clearfix\"><div class=\"wpb_column vc_column_container vc_col-sm-12\"><div class=\"vc_column-inner\"><div class=\"wpb_wrapper\">\n\t<div class=\"wpb_raw_code wpb_content_element wpb_raw_html\" >\n\t\t<div class=\"wpb_wrapper\">\n\t\t\t<div class=\"bouton-achat\">\n<a href=\"https:\/\/muserolling.ch\/en\/boutique\/\">\n<span class=\"ba-1\"><\/span><span class=\"ba-2\">ORDER HERE<\/span><span class=\"ba-3\"><\/span>\n<\/a>\n<\/div>\n\t\t<\/div>\n\t<\/div>\n<\/div><\/div><\/div><\/div><\/div><div      class=\"vc_row wpb_row section vc_row-fluid\" style=' text-align:left;'><div class=\"full_section_inner clearfix\"><div class=\"wpb_column vc_column_container vc_col-sm-12\"><div class=\"vc_column-inner\"><div class=\"wpb_wrapper\">\n\t<div class=\"wpb_raw_code wpb_content_element wpb_raw_html\" >\n\t\t<div class=\"wpb_wrapper\">\n\t\t\t<div class=\"preFooter\"><\/div>\n\t\t<\/div>\n\t<\/div>\n<\/div><\/div><\/div><\/div><\/div>","protected":false},"excerpt":{"rendered":"Nous contacter Merci de remplir le formulaire ci-dessous. Votre nom (obligatoire) Votre adresse de messagerie (obligatoire) Objet Votre message J\u2019accepte que mes donn\u00e9es personnelles soient trait\u00e9es conform\u00e9ment \u00e0 la politique de confidentialit\u00e9 de Muse Rolling. Lire ici. Pour toute assistance, veuillez contacter le : +41...","protected":false},"author":1,"featured_media":0,"parent":0,"menu_order":0,"comment_status":"closed","ping_status":"closed","template":"full_width.php","meta":{"cybocfi_hide_featured_image":"","footnotes":""},"yoast_head":"<!-- This site is optimized with the Yoast SEO plugin v17.5 - https:\/\/yoast.com\/wordpress\/plugins\/seo\/ -->\n<title>Contact - Muse Rolling<\/title>\n<meta name=\"robots\" content=\"index, follow, max-snippet:-1, max-image-preview:large, max-video-preview:-1\" \/>\n<link rel=\"canonical\" href=\"https:\/\/muserolling.ch\/en\/contact\/\" \/>\n<meta property=\"og:locale\" content=\"en_GB\" \/>\n<meta property=\"og:type\" content=\"article\" \/>\n<meta property=\"og:title\" content=\"Contact - Muse Rolling\" \/>\n<meta property=\"og:url\" content=\"https:\/\/muserolling.ch\/en\/contact\/\" \/>\n<meta property=\"og:site_name\" content=\"Muse Rolling\" \/>\n<meta property=\"article:publisher\" content=\"https:\/\/www.facebook.com\/muserolling\/\" \/>\n<meta property=\"article:modified_time\" content=\"2024-01-19T15:05:19+00:00\" \/>\n<meta name=\"twitter:card\" content=\"summary_large_image\" \/>\n<script type=\"application\/ld+json\" class=\"yoast-schema-graph\">{\"@context\":\"https:\/\/schema.org\",\"@graph\":[{\"@type\":\"Organization\",\"@id\":\"https:\/\/muserolling.ch\/#organization\",\"name\":\"Muse Rolling\",\"url\":\"https:\/\/muserolling.ch\/\",\"sameAs\":[\"https:\/\/www.facebook.com\/muserolling\/\",\"https:\/\/www.instagram.com\/muserollingswitzerland\/\",\"https:\/\/www.linkedin.com\/in\/muse-rolling-28694b198\/\",\"https:\/\/www.youtube.com\/channel\/UCDagAEM9kRO6j7XiXIgMhAQ\",\"https:\/\/www.pinterest.fr\/muserollingch\/\"],\"logo\":{\"@type\":\"ImageObject\",\"@id\":\"https:\/\/muserolling.ch\/#logo\",\"inLanguage\":\"en-GB\",\"url\":\"https:\/\/muserolling.ch\/wp-content\/uploads\/2019\/10\/Logo-Muse-Rolling.png\",\"contentUrl\":\"https:\/\/muserolling.ch\/wp-content\/uploads\/2019\/10\/Logo-Muse-Rolling.png\",\"width\":1388,\"height\":439,\"caption\":\"Muse Rolling\"},\"image\":{\"@id\":\"https:\/\/muserolling.ch\/#logo\"}},{\"@type\":\"WebSite\",\"@id\":\"https:\/\/muserolling.ch\/#website\",\"url\":\"https:\/\/muserolling.ch\/\",\"name\":\"Muse Rolling\",\"description\":\"Inspiring Urban Motion\",\"publisher\":{\"@id\":\"https:\/\/muserolling.ch\/#organization\"},\"potentialAction\":[{\"@type\":\"SearchAction\",\"target\":{\"@type\":\"EntryPoint\",\"urlTemplate\":\"https:\/\/muserolling.ch\/?s={search_term_string}\"},\"query-input\":\"required name=search_term_string\"}],\"inLanguage\":\"en-GB\"},{\"@type\":\"WebPage\",\"@id\":\"https:\/\/muserolling.ch\/contact\/#webpage\",\"url\":\"https:\/\/muserolling.ch\/contact\/\",\"name\":\"Contact - Muse Rolling\",\"isPartOf\":{\"@id\":\"https:\/\/muserolling.ch\/#website\"},\"datePublished\":\"2018-03-27T09:15:36+00:00\",\"dateModified\":\"2024-01-19T15:05:19+00:00\",\"breadcrumb\":{\"@id\":\"https:\/\/muserolling.ch\/contact\/#breadcrumb\"},\"inLanguage\":\"en-GB\",\"potentialAction\":[{\"@type\":\"ReadAction\",\"target\":[\"https:\/\/muserolling.ch\/contact\/\"]}]},{\"@type\":\"BreadcrumbList\",\"@id\":\"https:\/\/muserolling.ch\/contact\/#breadcrumb\",\"itemListElement\":[{\"@type\":\"ListItem\",\"position\":1,\"name\":\"Accueil\",\"item\":\"https:\/\/muserolling.ch\/\"},{\"@type\":\"ListItem\",\"position\":2,\"name\":\"Contact\"}]}]}<\/script>\n<!-- \/ Yoast SEO plugin. -->","yoast_head_json":{"title":"Contact - Muse Rolling","robots":{"index":"index","follow":"follow","max-snippet":"max-snippet:-1","max-image-preview":"max-image-preview:large","max-video-preview":"max-video-preview:-1"},"canonical":"https:\/\/muserolling.ch\/en\/contact\/","og_locale":"en_GB","og_type":"article","og_title":"Contact - Muse Rolling","og_url":"https:\/\/muserolling.ch\/en\/contact\/","og_site_name":"Muse Rolling","article_publisher":"https:\/\/www.facebook.com\/muserolling\/","article_modified_time":"2024-01-19T15:05:19+00:00","twitter_card":"summary_large_image","schema":{"@context":"https:\/\/schema.org","@graph":[{"@type":"Organization","@id":"https:\/\/muserolling.ch\/#organization","name":"Muse Rolling","url":"https:\/\/muserolling.ch\/","sameAs":["https:\/\/www.facebook.com\/muserolling\/","https:\/\/www.instagram.com\/muserollingswitzerland\/","https:\/\/www.linkedin.com\/in\/muse-rolling-28694b198\/","https:\/\/www.youtube.com\/channel\/UCDagAEM9kRO6j7XiXIgMhAQ","https:\/\/www.pinterest.fr\/muserollingch\/"],"logo":{"@type":"ImageObject","@id":"https:\/\/muserolling.ch\/#logo","inLanguage":"en-GB","url":"https:\/\/muserolling.ch\/wp-content\/uploads\/2019\/10\/Logo-Muse-Rolling.png","contentUrl":"https:\/\/muserolling.ch\/wp-content\/uploads\/2019\/10\/Logo-Muse-Rolling.png","width":1388,"height":439,"caption":"Muse Rolling"},"image":{"@id":"https:\/\/muserolling.ch\/#logo"}},{"@type":"WebSite","@id":"https:\/\/muserolling.ch\/#website","url":"https:\/\/muserolling.ch\/","name":"Muse Rolling","description":"Inspiring Urban Motion","publisher":{"@id":"https:\/\/muserolling.ch\/#organization"},"potentialAction":[{"@type":"SearchAction","target":{"@type":"EntryPoint","urlTemplate":"https:\/\/muserolling.ch\/?s={search_term_string}"},"query-input":"required name=search_term_string"}],"inLanguage":"en-GB"},{"@type":"WebPage","@id":"https:\/\/muserolling.ch\/contact\/#webpage","url":"https:\/\/muserolling.ch\/contact\/","name":"Contact - Muse Rolling","isPartOf":{"@id":"https:\/\/muserolling.ch\/#website"},"datePublished":"2018-03-27T09:15:36+00:00","dateModified":"2024-01-19T15:05:19+00:00","breadcrumb":{"@id":"https:\/\/muserolling.ch\/contact\/#breadcrumb"},"inLanguage":"en-GB","potentialAction":[{"@type":"ReadAction","target":["https:\/\/muserolling.ch\/contact\/"]}]},{"@type":"BreadcrumbList","@id":"https:\/\/muserolling.ch\/contact\/#breadcrumb","itemListElement":[{"@type":"ListItem","position":1,"name":"Accueil","item":"https:\/\/muserolling.ch\/"},{"@type":"ListItem","position":2,"name":"Contact"}]}]}},"_links":{"self":[{"href":"https:\/\/muserolling.ch\/en\/wp-json\/wp\/v2\/pages\/185"}],"collection":[{"href":"https:\/\/muserolling.ch\/en\/wp-json\/wp\/v2\/pages"}],"about":[{"href":"https:\/\/muserolling.ch\/en\/wp-json\/wp\/v2\/types\/page"}],"author":[{"embeddable":true,"href":"https:\/\/muserolling.ch\/en\/wp-json\/wp\/v2\/users\/1"}],"replies":[{"embeddable":true,"href":"https:\/\/muserolling.ch\/en\/wp-json\/wp\/v2\/comments?post=185"}],"version-history":[{"count":59,"href":"https:\/\/muserolling.ch\/en\/wp-json\/wp\/v2\/pages\/185\/revisions"}],"predecessor-version":[{"id":52412,"href":"https:\/\/muserolling.ch\/en\/wp-json\/wp\/v2\/pages\/185\/revisions\/52412"}],"wp:attachment":[{"href":"https:\/\/muserolling.ch\/en\/wp-json\/wp\/v2\/media?parent=185"}],"curies":[{"name":"wp","href":"https:\/\/api.w.org\/{rel}","templated":true}]}}