{"id":157,"date":"2018-03-27T08:44:41","date_gmt":"2018-03-27T08:44:41","guid":{"rendered":"http:\/\/bridge199.qodeinteractive.com\/?page_id=157"},"modified":"2024-01-19T16:07:02","modified_gmt":"2024-01-19T15:07:02","slug":"apropos-2","status":"publish","type":"page","link":"https:\/\/muserolling.ch\/en\/apropos-2\/","title":{"rendered":"about us"},"content":{"rendered":"<div      class=\"vc_row wpb_row section vc_row-fluid  waiting-bandeau\" style=' text-align:left;'><div class=\"full_section_inner clearfix\"><div class=\"wpb_column vc_column_container vc_col-sm-12\"><div class=\"vc_column-inner\"><div class=\"wpb_wrapper\"><\/div><\/div><\/div><\/div><\/div><div id=\"apro-row-1\"     class=\"vc_row wpb_row section vc_row-fluid\" style=' text-align:left;'><div class=\"full_section_inner clearfix\"><div class=\"wpb_column vc_column_container vc_col-sm-12\"><div class=\"vc_column-inner\"><div class=\"wpb_wrapper\">\n\t<div class=\"wpb_raw_code wpb_content_element wpb_raw_html\" >\n\t\t<div class=\"wpb_wrapper\">\n\t\t\t<div class=\"apro-bigtitle\">the values that drive us<\/div>\n\n<div class=\"apro-val-bloc\">\n\n<div class=\"apro-val-item\">\n<div class=\"apro-val-photo\" id=\"apro-val-1\"><\/div>\n<div class=\"apro-val-content\">\n<div class=\"apro-val-titre\">ENVIRONMENT<\/div>\n<div class=\"apro-val-texte\">Like the hummingbird, we strive to play our role with conscience by reducing our CO2 emissions<sub>2<\/sub><\/div>\n<\/div>\n<\/div>\n\n<div class=\"apro-val-item\">\n<div class=\"apro-val-photo\" id=\"apro-val-2\"><\/div>\n<div class=\"apro-val-content\">\n<div class=\"apro-val-titre\">INNOVATION<\/div>\n<div class=\"apro-val-texte\">Bringing a safety dimension to mobility, in a resolutely innovative design<\/div>\n<\/div>\n<\/div>\n\n<div class=\"apro-val-item\">\n<div class=\"apro-val-photo\" id=\"apro-val-3\"><\/div>\n<div class=\"apro-val-content\">\n<div class=\"apro-val-titre\">EXCELLENCE<\/div>\n<div class=\"apro-val-texte\">Be it through our attention to perfect realization or through our top-notch customer relations, we aim to go above and beyond your requirements<\/div>\n<\/div>\n<\/div>\n\n<div class=\"apro-val-item\">\n<div class=\"apro-val-photo\" id=\"apro-val-4\"><\/div>\n<div class=\"apro-val-content\">\n<div class=\"apro-val-titre\">RESPECT<\/div>\n<div class=\"apro-val-texte\">Respect our partners\u2019 and suppliers\u2019 deadlines and remuneration<\/div>\n<\/div>\n<\/div>\n\n<div class=\"apro-val-item\">\n<div class=\"apro-val-photo\" id=\"apro-val-6\"><\/div>\n<div class=\"apro-val-content\">\n<div class=\"apro-val-titre\">HUMAN<\/div>\n<div class=\"apro-val-texte\">The notions of team, pleasure, respect will always take precedence over the notions of profit and profitability<\/div>\n<\/div>\n<\/div>\n\n<div class=\"apro-val-item\">\n<div class=\"apro-val-photo\" id=\"apro-val-7\"><\/div>\n<div class=\"apro-val-content\">\n<div class=\"apro-val-titre\">TRANSPARENCY<\/div>\n<div class=\"apro-val-texte\">We want an honest, open and sincere relationship<\/div>\n<\/div>\n<\/div>\n\n<\/div>\n\t\t<\/div>\n\t<\/div>\n<\/div><\/div><\/div><\/div><\/div><div id=\"nico-bandeau-apro-A\"     class=\"vc_row wpb_row section vc_row-fluid  nico-bandeau\" style=' text-align:left;'><div class=\"full_section_inner clearfix\"><div class=\"wpb_column vc_column_container vc_col-sm-12\"><div class=\"vc_column-inner\"><div class=\"wpb_wrapper\">\n\t<div class=\"wpb_raw_code wpb_content_element wpb_raw_html\" >\n\t\t<div class=\"wpb_wrapper\">\n\t\t\t<div class=\"nb-content\">\n<div class=\"nb-text-1\">MUSE ROLLING IS ABOVE ALL A HUMAN AND SHARED ADVENTURE.<\/div>\n<\/div>\n\t\t<\/div>\n\t<\/div>\n<\/div><\/div><\/div><\/div><\/div><div      class=\"vc_row wpb_row section vc_row-fluid  waiting-bandeau\" style=' text-align:left;'><div class=\"full_section_inner clearfix\"><div class=\"wpb_column vc_column_container vc_col-sm-12\"><div class=\"vc_column-inner\"><div class=\"wpb_wrapper\"><\/div><\/div><\/div><\/div><\/div><div      class=\"vc_row wpb_row section vc_row-fluid\" style=' text-align:left;'><div class=\"full_section_inner clearfix\"><div class=\"wpb_column vc_column_container vc_col-sm-12\"><div class=\"vc_column-inner\"><div class=\"wpb_wrapper\">\n\t<div class=\"wpb_raw_code wpb_content_element wpb_raw_html\" >\n\t\t<div class=\"wpb_wrapper\">\n\t\t\t<div class=\"apro-bloc-membre\" id=\"apro-bloc-membre-thierry\">\n<div class=\"apro-entete\">\n<div class=\"apro-photo\"><\/div>\n<div class=\"apro-legende\">\n<div class=\"apro-noms\">\n<div class=\"apro-prenom\">THIERRY<\/div>\n<div class=\"apro-nom\">NICLOUX<\/div>\n<\/div>\n<div class=\"apro-iden\">\nNaissance : 7 juin 1967 \u00e0 Rennes, en Bretagne, France<br>\nHabite \u00e0 c\u00f4t\u00e9 de Gen\u00e8ve<br>\nMari\u00e9, 3 enfants<br>\n<\/div>\n<\/div>\n<\/div>\n<div class=\"apro-texte\">\n<div class=\"apro-question\">THE FIRST QUESTION TO ASK HIM IS HOW THE IDEA OF MUSE ROLLING CAME TO HIM OF COURSE!<\/div>\n<br><br>\n<div class=\"apro-reponse\">\u00ab I have always functioned out of the box. I like to do things differently, in a slightly offbeat way. In 2007 already, I was among the first to travel by scooter and I couldn't find one made in Europe. Now we see them everywhere, so I looked for something else. \u00bb<\/div>\n<br><br>\nThierry travels a lot for his professional life. He has always sought the most suitable and ecological option possible. Concerned about nature and the environment, he keeps in mind a real desire to preserve his planet. How does he do this? He doesn't fly for vacation, his personal car runs on gas, and whenever he can, he uses a motorcycle. Or he travels by train as much as possible. And who says train, says small distances to cover, between the station and meeting places. Some would go on foot or by public transport. Thierry covers these distances on a longboard. It saves time, without ever being dependent on a bus or tram timetable. \n<br><br>\nWhen it comes to the brake, the story is more personal. For his clients, Thierry must be elegant. The idea of the braking system therefore responded to the desire to move in a fluid and ecological manner, even when braking on the asphalt. \n<br><br>\nAdditionally, at age 16, his son suffered a serious accident while skateboarding. With a brake, the fall could certainly have been avoided. Ever since, Thierry has considered a brake to be an essential component, and this has opened up a new world of customers, active city-dwelling adults. \n<br><br>\nOriginally from Brittany, Thierry grew up with the sea. What do longboarding and navigation have in common? Softness, gliding, fluidity. \n<br><br><br>\n<div class=\"apro-question\">WHAT WOULD YOU LIKE TO BRING WITH THIS PRODUCT?<\/div>\n<br><br>\n<div class=\"apro-reponse\">\u00ab Muse Rolling is my nano-contribution to clean travel. The company gives me the opportunity to nourish my values, which I list for you not in any particular order: ecology, local, quality, good work, transparency, excellence. This comes to me from my professional background. In reaction to the world of multinationals and the constant and insatiable search for profits. \u00bb<\/div>\n<br><br><br>\n<div class=\"apro-question\">AND WHAT DAILY USE DO YOU HAVE FOR THE MUSE ROLLING LONGBOARD?<\/div>\n<br><br>\nThe board is really his tool for getting around. He uses it several times a week to go to work. Here, we are not talking about a toy or a hobby. It is a useful object, which makes everyday life easier. In the morning, he takes it, hangs it on his motorbike to go to the station. It\u2019s practical, and contrary to a bicycle for example, he does not have to pay extra on the train. \n<br><br>\n<div class=\"apro-reponse\">\u00ab I like the idea of the businessman riding a longboard. At the age of 50, I feel like a child-teenager, not quite finished. And I'm no longer ashamed of it. Sometimes, people smile when they see me; they probably consider me a little original.. But actually who is the child in all this? \u00bb<\/div>\n<\/div>\n<\/div>\n\t\t<\/div>\n\t<\/div>\n\n\t<div class=\"wpb_raw_code wpb_content_element wpb_raw_html\" >\n\t\t<div class=\"wpb_wrapper\">\n\t\t\t<div class=\"apro-separ\"><\/div>\n\t\t<\/div>\n\t<\/div>\n\n\t<div class=\"wpb_raw_code wpb_content_element wpb_raw_html\" >\n\t\t<div class=\"wpb_wrapper\">\n\t\t\t<div class=\"apro-bloc-membre\" id=\"apro-bloc-membre-brevaux\">\n<div class=\"apro-entete\">\n<div class=\"apro-photo\"><\/div>\n<div class=\"apro-legende\">\n<div class=\"apro-noms\">\n<div class=\"apro-prenom\">OLIVIER<\/div>\n<div class=\"apro-nom\">BR\u00c9VAUX<\/div>\n<\/div>\n<div class=\"apro-iden\">\nNaissance : 17 d\u00e9cembre 1960 \u00e0 Versailles, France<br>\nHabite \u00e0 Saint Prex, Vaud, Suisse<br>\nP\u00e8re de 3 grandes filles\n<\/div>\n<\/div>\n<\/div>\n<div class=\"apro-texte\">\n<div class=\"apro-question\"><div class=\"apro-question\">THE FIRST QUESTION IS WHY HE WANTED TO PARTNER WITH MUSE ROLLING?<\/div>\n<br><br>\n<div class=\"apro-texte\" style=\"font-family:'Milan Regular';font-size:91%;color:#222;text-transform:none\">\nStraight away, he responds <span class=\"apro-reponse-line\">\u00ab because it wasn\u2019t computer science! \u00bb<\/span>. The desire to immerse himself in a new universe, to discover something else, immediately attracted him.\n<br><br>\nHe had been thinking about creating his own company for many years, but he had not yet had the idea, and wanted to do it together, to share, not to be alone in the adventure. Thierry's idea immediately appealed to him. It seemed so innovative, he thought <span class=\"apro-reponse-line\">\u00ab this could work \u00bb<\/span>.\n<br><br>\nAn engineer by training, he completed his first diploma in mechanical manufacturing at the national engineering school of Saint-\u00c9tienne. From the age of 16, he has had a deep passion for everything related to mechanics. First of all, railways, especially steam locomotives. Then trucks, huge 6\u00d76 all-terrain vehicles. He has a workshop at home for manufacturing, tooling and repairing these large vehicles that fascinate him. It\u2019s actually fantastic to listen to him tell all these construction stories. <span class=\"apro-reponse-line\">\u00ab Everything interests me, that\u2019s the problem! \u00bb<\/span> he adds, enthusiastically.\n<br><br>\nHe then attended the Ecole des Mines in computer software engineering. And it is in this field that he will spend his entire professional career. In multinationals and large companies in the IT field, then pharmaceuticals, and finally banking.\n<br><br><br>\n<div class=\"apro-question\">WHAT WOULD YOU LIKE TO BRING WITH THIS PRODUCT?<\/div>\n<br><br>\n<span class=\"apro-reponse-line\">\u00ab I want to make my contribution. \u00bb<\/span> He likes the fact that with this project, he can bring pleasure to the owners of their longboards. Because he also appreciates beauty, well-finished, clean objects, like the Muse boards. <span class=\"apro-reponse-line\">\u00ab Beautiful work, authentic and careful work \u00bb<\/span> to use his words.\n<br><br>\nWhen we talk to him about sustainable mobility, Olivier tells us that he hasn't owned a car in Switzerland for more than 10 years. He only travels by public transport.\n<br><br>\n<span class=\"apro-reponse-line\">\u00ab Using public transport is a choice. It's not always easy, but it suits me well. I pay attention to our environment. \u00bb<\/span> On the weekend, on the other hand, he regularly has equipment to transport for his leisure activities, and there he has no choice, he sometimes uses his \u201ctoy\u201d, an old English 4X4. But only over small distances.\n<br><br>\nAs for the Muse Rolling longboard, he doesn't use it on a daily basis, like Thierry.\n<br><br>\n<div class=\"apro-reponse\">\u00ab I walk a lot, I take the train, then the bus, and then I walk to work. I have a certain reluctance when it comes to board sports. I'm more into Salsa or swimming. I've never skated, barely skied a little. I'm afraid of falling. So to ride a longboard, I need safety equipment. \u00bb<\/div>\n<\/div><\/div>\n<br><br>\n<div class=\"end-uktrad end-uktrad-3\"><\/div> <span class=\"apro-reponse-line\"><span><\/span><\/span><span><\/span> \n<br><br>\n<span><\/span> <span class=\"apro-reponse-line\"><span><\/span><\/span>. \n<br><br>\n<span><\/span> <span class=\"apro-reponse-line\"><span><\/span><\/span> <span><\/span> \n<br><br>\n<span><\/span> \n<br><br><br>\n<div class=\"apro-question\">WHAT WOULD YOU LIKE TO BRING WITH THIS PRODUCT?<\/div>\n<br><br>\n\n\n<span class=\"apro-reponse-line\"><span><\/span><\/span> <span><\/span> <span class=\"apro-reponse-line\"><span><\/span><\/span> <span><\/span>\n<br><br>\n<span><\/span>\n<br><br>\n<span class=\"apro-reponse-line\"><span><\/span><\/span> <span><\/span> \n<br><br>\n<span><\/span>\n<br><br>\n<div class=\"apro-reponse\"><span><\/span><\/div>\n<\/div>\n<\/div>\n\t\t<\/div>\n\t<\/div>\n\n\t<div class=\"wpb_raw_code wpb_content_element wpb_raw_html\" >\n\t\t<div class=\"wpb_wrapper\">\n\t\t\t<div class=\"apro-separ\"><\/div>\n\t\t<\/div>\n\t<\/div>\n\n\t<div class=\"wpb_raw_code wpb_content_element wpb_raw_html\" >\n\t\t<div class=\"wpb_wrapper\">\n\t\t\t<div class=\"apro-bloc-membre\" id=\"apro-bloc-membre-meylan\">\n<div class=\"apro-entete\">\n<div class=\"apro-photo\"><\/div>\n<div class=\"apro-legende\">\n<div class=\"apro-noms\">\n<div class=\"apro-prenom\">GEORGES-HENRI<\/div>\n<div class=\"apro-nom\">MEYLAN<\/div>\n<\/div>\n<div class=\"apro-iden\">\nNaissance : 19 janvier au Sentier<br>\nHabite \u00e0 la Vall\u00e9e de Joux, Suisse<br>\nMari\u00e9, 3 enfants, 10 petits-enfants\n<\/div>\n<\/div>\n<\/div>\n<div class=\"apro-texte\">\n<div class=\"apro-question\">THE PAUL-EDOUARD PIGUET FOUNDATION CHOSE TO SUPPORT THE LAUNCH OF MUSE ROLLING, AND WE INTERVIEWED ITS PRESIDENT, GEORGES-HENRI MEYLAN, TO EXPLAIN WHY.<\/div>\n<br><br>\n<div class=\"apro-reponse\">\u00ab First of all, it was the originality of the project that appealed to us, even if it is still a somewhat risky activity. We had already helped craftsmen in the Vall\u00e9e de Joux launch their business. So it seemed to make sense to us. \u00bb<\/div>\n<br><br>\n<div class=\"apro-question\">WITH RESPECT TO THE QUESTION OF SUSTAINABLE MOBILITY, HE ALSO CONSIDERS THAT MUSE ROLLING COULD BE A SOLUTION ADAPTED TO THE NEEDS OF A LARGE NUMBER OF PEOPLE.<\/div>\n<br><br>\n<div class=\"apro-reponse\">\u00ab In the Valley, many people travel and sometimes go far to get to work. The idea of mobility that uses little or no energy is really in the current trend. And it will certainly save many people time between home and the office. \u00bb<\/div>\n<br><br>\nEcology and environmental protection are subjects which foster many doubts, and still raise many questions. They frequently are the cause of big speeches and few actions.\n<br><br><br>\n<div class=\"apro-question\">PERSONALLY, HE HAS NO CHOICE BUT TO USE HIS CAR.<\/div>\n<br><br>\nOn the other hand, we can choose what kind of car we own, he tells us, to move in the direction of better ecological awareness. As for whether he himself intends to ride a Muse Rolling longboard, he enjoys telling us that he is no longer part of the target group of young dynamic executives whom the board will appeal to.\n<br><br><br>\n<div class=\"apro-reponse\">\u00ab At my age, you have to avoid taking risks. But I even think I might be the type to try. On the other hand, I will show it to my family, my children and my ten grandchildren, that's for sure. \u00bb<\/div>\n<br><br>\nOriginally from the Vall\u00e9e de Joux, Mr. Meylan was born in Le Sentier and lived there for a large part of his life. Former CEO of the major Swiss watch brand Audemars Piguet, he now chairs the Paul-Edouard Piguet Foundation, based in Le Brassus, which supports selected actions aimed at developing the Vall\u00e9e de Joux. Whether they are economic companies, the development of new sporting, cultural or tourism-related activities, the Muse Rolling project was entirely in line with their vision.\n<\/div>\n<\/div>\n\t\t<\/div>\n\t<\/div>\n<\/div><\/div><\/div><\/div><\/div><div      class=\"vc_row wpb_row section vc_row-fluid\" style=' text-align:left;'><div class=\"full_section_inner clearfix\"><div class=\"wpb_column vc_column_container vc_col-sm-12\"><div class=\"vc_column-inner\"><div class=\"wpb_wrapper\">\n\t<div class=\"wpb_raw_code wpb_content_element wpb_raw_html\" >\n\t\t<div class=\"wpb_wrapper\">\n\t\t\t<div class=\"preFooter\"><\/div>\n\t\t<\/div>\n\t<\/div>\n<\/div><\/div><\/div><\/div><\/div>","protected":false},"excerpt":{"rendered":"les valeurs qui nous animent ENVIRONNEMENT Faire notre part du colibri avec conscience en diminuant nos \u00e9missions de CO2 INNOVATION Apporter \u00e0 la mobilit\u00e9 une dimension s\u00e9curit\u00e9, dans une conception r\u00e9solument innovante EXCELLENCE Que ce soit dans la finesse de la r\u00e9alisation ou dans notre...","protected":false},"author":1,"featured_media":0,"parent":0,"menu_order":0,"comment_status":"closed","ping_status":"closed","template":"full_width.php","meta":{"cybocfi_hide_featured_image":"","footnotes":""},"yoast_head":"<!-- This site is optimized with the Yoast SEO plugin v17.5 - https:\/\/yoast.com\/wordpress\/plugins\/seo\/ -->\n<title>About - Muse Rolling<\/title>\n<meta name=\"description\" content=\"Muse Rolling, c\u2019est avant tout une aventure humaine et partag\u00e9e. Thierry Nicloux \/ Olivier Br\u00e9vaux \/ Georges-Henri Meylan.\" \/>\n<meta name=\"robots\" content=\"index, follow, max-snippet:-1, max-image-preview:large, max-video-preview:-1\" \/>\n<link rel=\"canonical\" href=\"https:\/\/muserolling.ch\/en\/apropos-2\/\" \/>\n<meta property=\"og:locale\" content=\"en_GB\" \/>\n<meta property=\"og:type\" content=\"article\" \/>\n<meta property=\"og:title\" content=\"About - Muse Rolling\" \/>\n<meta property=\"og:description\" content=\"Muse Rolling, c\u2019est avant tout une aventure humaine et partag\u00e9e. Thierry Nicloux \/ Olivier Br\u00e9vaux \/ Georges-Henri Meylan.\" \/>\n<meta property=\"og:url\" content=\"https:\/\/muserolling.ch\/en\/apropos-2\/\" \/>\n<meta property=\"og:site_name\" content=\"Muse Rolling\" \/>\n<meta property=\"article:publisher\" content=\"https:\/\/www.facebook.com\/muserolling\/\" \/>\n<meta property=\"article:modified_time\" content=\"2024-01-19T15:07:02+00:00\" \/>\n<meta name=\"twitter:card\" content=\"summary_large_image\" \/>\n<script type=\"application\/ld+json\" class=\"yoast-schema-graph\">{\"@context\":\"https:\/\/schema.org\",\"@graph\":[{\"@type\":\"Organization\",\"@id\":\"https:\/\/muserolling.ch\/#organization\",\"name\":\"Muse Rolling\",\"url\":\"https:\/\/muserolling.ch\/\",\"sameAs\":[\"https:\/\/www.facebook.com\/muserolling\/\",\"https:\/\/www.instagram.com\/muserollingswitzerland\/\",\"https:\/\/www.linkedin.com\/in\/muse-rolling-28694b198\/\",\"https:\/\/www.youtube.com\/channel\/UCDagAEM9kRO6j7XiXIgMhAQ\",\"https:\/\/www.pinterest.fr\/muserollingch\/\"],\"logo\":{\"@type\":\"ImageObject\",\"@id\":\"https:\/\/muserolling.ch\/#logo\",\"inLanguage\":\"en-GB\",\"url\":\"https:\/\/muserolling.ch\/wp-content\/uploads\/2019\/10\/Logo-Muse-Rolling.png\",\"contentUrl\":\"https:\/\/muserolling.ch\/wp-content\/uploads\/2019\/10\/Logo-Muse-Rolling.png\",\"width\":1388,\"height\":439,\"caption\":\"Muse Rolling\"},\"image\":{\"@id\":\"https:\/\/muserolling.ch\/#logo\"}},{\"@type\":\"WebSite\",\"@id\":\"https:\/\/muserolling.ch\/#website\",\"url\":\"https:\/\/muserolling.ch\/\",\"name\":\"Muse Rolling\",\"description\":\"Inspiring Urban Motion\",\"publisher\":{\"@id\":\"https:\/\/muserolling.ch\/#organization\"},\"potentialAction\":[{\"@type\":\"SearchAction\",\"target\":{\"@type\":\"EntryPoint\",\"urlTemplate\":\"https:\/\/muserolling.ch\/?s={search_term_string}\"},\"query-input\":\"required name=search_term_string\"}],\"inLanguage\":\"en-GB\"},{\"@type\":\"WebPage\",\"@id\":\"https:\/\/muserolling.ch\/apropos-2\/#webpage\",\"url\":\"https:\/\/muserolling.ch\/apropos-2\/\",\"name\":\"About - Muse Rolling\",\"isPartOf\":{\"@id\":\"https:\/\/muserolling.ch\/#website\"},\"datePublished\":\"2018-03-27T08:44:41+00:00\",\"dateModified\":\"2024-01-19T15:07:02+00:00\",\"description\":\"Muse Rolling, c\\u2019est avant tout une aventure humaine et partag\\u00e9e. Thierry Nicloux \/ Olivier Br\\u00e9vaux \/ Georges-Henri Meylan.\",\"breadcrumb\":{\"@id\":\"https:\/\/muserolling.ch\/apropos-2\/#breadcrumb\"},\"inLanguage\":\"en-GB\",\"potentialAction\":[{\"@type\":\"ReadAction\",\"target\":[\"https:\/\/muserolling.ch\/apropos-2\/\"]}]},{\"@type\":\"BreadcrumbList\",\"@id\":\"https:\/\/muserolling.ch\/apropos-2\/#breadcrumb\",\"itemListElement\":[{\"@type\":\"ListItem\",\"position\":1,\"name\":\"Accueil\",\"item\":\"https:\/\/muserolling.ch\/\"},{\"@type\":\"ListItem\",\"position\":2,\"name\":\"\\u00e0 PROPOS\"}]}]}<\/script>\n<!-- \/ Yoast SEO plugin. -->","yoast_head_json":{"title":"About - Muse Rolling","description":"Muse Rolling, c\u2019est avant tout une aventure humaine et partag\u00e9e. Thierry Nicloux \/ Olivier Br\u00e9vaux \/ Georges-Henri Meylan.","robots":{"index":"index","follow":"follow","max-snippet":"max-snippet:-1","max-image-preview":"max-image-preview:large","max-video-preview":"max-video-preview:-1"},"canonical":"https:\/\/muserolling.ch\/en\/apropos-2\/","og_locale":"en_GB","og_type":"article","og_title":"About - Muse Rolling","og_description":"Muse Rolling, c\u2019est avant tout une aventure humaine et partag\u00e9e. Thierry Nicloux \/ Olivier Br\u00e9vaux \/ Georges-Henri Meylan.","og_url":"https:\/\/muserolling.ch\/en\/apropos-2\/","og_site_name":"Muse Rolling","article_publisher":"https:\/\/www.facebook.com\/muserolling\/","article_modified_time":"2024-01-19T15:07:02+00:00","twitter_card":"summary_large_image","schema":{"@context":"https:\/\/schema.org","@graph":[{"@type":"Organization","@id":"https:\/\/muserolling.ch\/#organization","name":"Muse Rolling","url":"https:\/\/muserolling.ch\/","sameAs":["https:\/\/www.facebook.com\/muserolling\/","https:\/\/www.instagram.com\/muserollingswitzerland\/","https:\/\/www.linkedin.com\/in\/muse-rolling-28694b198\/","https:\/\/www.youtube.com\/channel\/UCDagAEM9kRO6j7XiXIgMhAQ","https:\/\/www.pinterest.fr\/muserollingch\/"],"logo":{"@type":"ImageObject","@id":"https:\/\/muserolling.ch\/#logo","inLanguage":"en-GB","url":"https:\/\/muserolling.ch\/wp-content\/uploads\/2019\/10\/Logo-Muse-Rolling.png","contentUrl":"https:\/\/muserolling.ch\/wp-content\/uploads\/2019\/10\/Logo-Muse-Rolling.png","width":1388,"height":439,"caption":"Muse Rolling"},"image":{"@id":"https:\/\/muserolling.ch\/#logo"}},{"@type":"WebSite","@id":"https:\/\/muserolling.ch\/#website","url":"https:\/\/muserolling.ch\/","name":"Muse Rolling","description":"Inspiring Urban Motion","publisher":{"@id":"https:\/\/muserolling.ch\/#organization"},"potentialAction":[{"@type":"SearchAction","target":{"@type":"EntryPoint","urlTemplate":"https:\/\/muserolling.ch\/?s={search_term_string}"},"query-input":"required name=search_term_string"}],"inLanguage":"en-GB"},{"@type":"WebPage","@id":"https:\/\/muserolling.ch\/apropos-2\/#webpage","url":"https:\/\/muserolling.ch\/apropos-2\/","name":"About - Muse Rolling","isPartOf":{"@id":"https:\/\/muserolling.ch\/#website"},"datePublished":"2018-03-27T08:44:41+00:00","dateModified":"2024-01-19T15:07:02+00:00","description":"Muse Rolling, c\u2019est avant tout une aventure humaine et partag\u00e9e. Thierry Nicloux \/ Olivier Br\u00e9vaux \/ Georges-Henri Meylan.","breadcrumb":{"@id":"https:\/\/muserolling.ch\/apropos-2\/#breadcrumb"},"inLanguage":"en-GB","potentialAction":[{"@type":"ReadAction","target":["https:\/\/muserolling.ch\/apropos-2\/"]}]},{"@type":"BreadcrumbList","@id":"https:\/\/muserolling.ch\/apropos-2\/#breadcrumb","itemListElement":[{"@type":"ListItem","position":1,"name":"Accueil","item":"https:\/\/muserolling.ch\/"},{"@type":"ListItem","position":2,"name":"\u00e0 PROPOS"}]}]}},"_links":{"self":[{"href":"https:\/\/muserolling.ch\/en\/wp-json\/wp\/v2\/pages\/157"}],"collection":[{"href":"https:\/\/muserolling.ch\/en\/wp-json\/wp\/v2\/pages"}],"about":[{"href":"https:\/\/muserolling.ch\/en\/wp-json\/wp\/v2\/types\/page"}],"author":[{"embeddable":true,"href":"https:\/\/muserolling.ch\/en\/wp-json\/wp\/v2\/users\/1"}],"replies":[{"embeddable":true,"href":"https:\/\/muserolling.ch\/en\/wp-json\/wp\/v2\/comments?post=157"}],"version-history":[{"count":245,"href":"https:\/\/muserolling.ch\/en\/wp-json\/wp\/v2\/pages\/157\/revisions"}],"predecessor-version":[{"id":52408,"href":"https:\/\/muserolling.ch\/en\/wp-json\/wp\/v2\/pages\/157\/revisions\/52408"}],"wp:attachment":[{"href":"https:\/\/muserolling.ch\/en\/wp-json\/wp\/v2\/media?parent=157"}],"curies":[{"name":"wp","href":"https:\/\/api.w.org\/{rel}","templated":true}]}}