{"id":1174,"date":"2019-11-07T13:53:51","date_gmt":"2019-11-07T12:53:51","guid":{"rendered":"https:\/\/muserolling.ch\/?page_id=1174"},"modified":"2023-10-02T18:46:59","modified_gmt":"2023-10-02T16:46:59","slug":"politique-de-confidentialite","status":"publish","type":"page","link":"https:\/\/muserolling.ch\/en\/politique-de-confidentialite\/","title":{"rendered":"Politique de confidentialit\u00e9"},"content":{"rendered":"<div id=\"politique-confidentialite\"     class=\"vc_row wpb_row section vc_row-fluid\" style=' text-align:left;'><div class=\"full_section_inner clearfix\"><div class=\"wpb_column vc_column_container vc_col-sm-12\"><div class=\"vc_column-inner\"><div class=\"wpb_wrapper\">\n\t<div class=\"wpb_text_column wpb_content_element\">\n\t\t<div class=\"wpb_wrapper\">\n\t\t\t<p><strong>PRIVACY POLICY<\/strong><\/p>\n<p>&nbsp;<\/p>\n<p>In accordance with the values of confidentiality and discretion that guide Muse Rolling\u2019s behavior towards its customers, as well as the policies of the GDPR (General Data Protection Regulation \u2013 EU 2016\/679), the seller guarantees protection of all personal data provided by the buyer.<\/p>\n<p>&nbsp;<\/p>\n<p>It is of great importance for Muse Rolling to adhere to the principles of honesty and transparency. As such, Muse Rolling is committed to building a strong and lasting business relationship with its customers, one that is based on trust and mutual interest. Part of this commitment involves honoring and protecting the buyer\u2019s privacy and the choices he \/she makes. Doing so is critical to Muse Rolling. Consequently, we publish here \u00ab Our commitment toward the protection of personal data \u00bb :<\/p>\n<p>&nbsp;<\/p>\n<p><span><\/span><\/p>\n<p>&nbsp;<\/p>\n<p>1) We respect your privacy and your choices.<\/p>\n<p>&nbsp;<\/p>\n<p>2) We make sure that the issues related to personal data protection and the security thereof are at the heart of everything we do.<\/p>\n<p>&nbsp;<\/p>\n<p>3) We will occasionally send you communications of commercial nature if you have agreed for us to do so. You can annul this agreement at any time.<\/p>\n<p>&nbsp;<\/p>\n<p>4) We are prohibited from communicating or selling your personal data.<\/p>\n<p>&nbsp;<\/p>\n<p>5) We are committed to secure and protect your personal data. This implies that we only collaborate with trusted partners.<\/p>\n<p>&nbsp;<\/p>\n<p>6) We are committed to being open and transparent in the way we use your personal data.<\/p>\n<p>&nbsp;<\/p>\n<p>7) We are prohibited from using your personal data for purposes and \/or in ways without having brought this to your prior attention.<\/p>\n<p>&nbsp;<\/p>\n<p>8) We respect your rights and strive to always meet your demands to the extent of what\u2019s possible. At the same time, we also respect our own legal and operational responsibilities as they relate to conducting our business.<\/p>\n<div id=\"ConnectiveDocSignExtentionInstalled\" data-extension-version=\"1.0.4\"><\/div>\n\n\t\t<\/div> \n\t<\/div> \t<div class=\"vc_empty_space\"  style=\"height: 32px\" ><span\n\t\t\tclass=\"vc_empty_space_inner\">\n\t\t\t<span class=\"empty_space_image\"  ><\/span>\n\t\t<\/span><\/div>\n\n<\/div><\/div><\/div><\/div><\/div><div      class=\"vc_row wpb_row section vc_row-fluid\" style=' text-align:left;'><div class=\"full_section_inner clearfix\"><div class=\"wpb_column vc_column_container vc_col-sm-12\"><div class=\"vc_column-inner\"><div class=\"wpb_wrapper\">\n\t<div class=\"wpb_raw_code wpb_content_element wpb_raw_html\" >\n\t\t<div class=\"wpb_wrapper\">\n\t\t\t<div class=\"preFooter\"><\/div>\n\t\t<\/div>\n\t<\/div>\n<\/div><\/div><\/div><\/div><\/div>","protected":false},"excerpt":{"rendered":"POLITIQUE DE CONFIDENTIALIT\u00c9 &nbsp; Conform\u00e9ment \u00e0 nos valeurs de confidentialit\u00e9 et de discr\u00e9tion, ainsi que suivant la politique de la marque et les directives de la RGPD, nous garantissons la protection des donn\u00e9es \u00e0 caract\u00e8re personnel. &nbsp; Muse Rolling attache une grande importance aux principes...","protected":false},"author":1,"featured_media":0,"parent":0,"menu_order":0,"comment_status":"closed","ping_status":"closed","template":"full_width.php","meta":{"cybocfi_hide_featured_image":"","footnotes":""},"yoast_head":"<!-- This site is optimized with the Yoast SEO plugin v17.5 - https:\/\/yoast.com\/wordpress\/plugins\/seo\/ -->\n<title>Politique de confidentialit\u00e9 - Muse Rolling<\/title>\n<meta name=\"robots\" content=\"index, follow, max-snippet:-1, max-image-preview:large, max-video-preview:-1\" \/>\n<link rel=\"canonical\" href=\"https:\/\/muserolling.ch\/en\/politique-de-confidentialite\/\" \/>\n<meta property=\"og:locale\" content=\"en_GB\" \/>\n<meta property=\"og:type\" content=\"article\" \/>\n<meta property=\"og:title\" content=\"Politique de confidentialit\u00e9 - Muse Rolling\" \/>\n<meta property=\"og:url\" content=\"https:\/\/muserolling.ch\/en\/politique-de-confidentialite\/\" \/>\n<meta property=\"og:site_name\" content=\"Muse Rolling\" \/>\n<meta property=\"article:publisher\" content=\"https:\/\/www.facebook.com\/muserolling\/\" \/>\n<meta property=\"article:modified_time\" content=\"2023-10-02T16:46:59+00:00\" \/>\n<meta name=\"twitter:card\" content=\"summary_large_image\" \/>\n<script type=\"application\/ld+json\" class=\"yoast-schema-graph\">{\"@context\":\"https:\/\/schema.org\",\"@graph\":[{\"@type\":\"Organization\",\"@id\":\"https:\/\/muserolling.ch\/#organization\",\"name\":\"Muse Rolling\",\"url\":\"https:\/\/muserolling.ch\/\",\"sameAs\":[\"https:\/\/www.facebook.com\/muserolling\/\",\"https:\/\/www.instagram.com\/muserollingswitzerland\/\",\"https:\/\/www.linkedin.com\/in\/muse-rolling-28694b198\/\",\"https:\/\/www.youtube.com\/channel\/UCDagAEM9kRO6j7XiXIgMhAQ\",\"https:\/\/www.pinterest.fr\/muserollingch\/\"],\"logo\":{\"@type\":\"ImageObject\",\"@id\":\"https:\/\/muserolling.ch\/#logo\",\"inLanguage\":\"en-GB\",\"url\":\"https:\/\/muserolling.ch\/wp-content\/uploads\/2019\/10\/Logo-Muse-Rolling.png\",\"contentUrl\":\"https:\/\/muserolling.ch\/wp-content\/uploads\/2019\/10\/Logo-Muse-Rolling.png\",\"width\":1388,\"height\":439,\"caption\":\"Muse Rolling\"},\"image\":{\"@id\":\"https:\/\/muserolling.ch\/#logo\"}},{\"@type\":\"WebSite\",\"@id\":\"https:\/\/muserolling.ch\/#website\",\"url\":\"https:\/\/muserolling.ch\/\",\"name\":\"Muse Rolling\",\"description\":\"Inspiring Urban Motion\",\"publisher\":{\"@id\":\"https:\/\/muserolling.ch\/#organization\"},\"potentialAction\":[{\"@type\":\"SearchAction\",\"target\":{\"@type\":\"EntryPoint\",\"urlTemplate\":\"https:\/\/muserolling.ch\/?s={search_term_string}\"},\"query-input\":\"required name=search_term_string\"}],\"inLanguage\":\"en-GB\"},{\"@type\":\"WebPage\",\"@id\":\"https:\/\/muserolling.ch\/politique-de-confidentialite\/#webpage\",\"url\":\"https:\/\/muserolling.ch\/politique-de-confidentialite\/\",\"name\":\"Politique de confidentialit\\u00e9 - Muse Rolling\",\"isPartOf\":{\"@id\":\"https:\/\/muserolling.ch\/#website\"},\"datePublished\":\"2019-11-07T12:53:51+00:00\",\"dateModified\":\"2023-10-02T16:46:59+00:00\",\"breadcrumb\":{\"@id\":\"https:\/\/muserolling.ch\/politique-de-confidentialite\/#breadcrumb\"},\"inLanguage\":\"en-GB\",\"potentialAction\":[{\"@type\":\"ReadAction\",\"target\":[\"https:\/\/muserolling.ch\/politique-de-confidentialite\/\"]}]},{\"@type\":\"BreadcrumbList\",\"@id\":\"https:\/\/muserolling.ch\/politique-de-confidentialite\/#breadcrumb\",\"itemListElement\":[{\"@type\":\"ListItem\",\"position\":1,\"name\":\"Accueil\",\"item\":\"https:\/\/muserolling.ch\/\"},{\"@type\":\"ListItem\",\"position\":2,\"name\":\"Politique de confidentialit\\u00e9\"}]}]}<\/script>\n<!-- \/ Yoast SEO plugin. -->","yoast_head_json":{"title":"Politique de confidentialit\u00e9 - Muse Rolling","robots":{"index":"index","follow":"follow","max-snippet":"max-snippet:-1","max-image-preview":"max-image-preview:large","max-video-preview":"max-video-preview:-1"},"canonical":"https:\/\/muserolling.ch\/en\/politique-de-confidentialite\/","og_locale":"en_GB","og_type":"article","og_title":"Politique de confidentialit\u00e9 - Muse Rolling","og_url":"https:\/\/muserolling.ch\/en\/politique-de-confidentialite\/","og_site_name":"Muse Rolling","article_publisher":"https:\/\/www.facebook.com\/muserolling\/","article_modified_time":"2023-10-02T16:46:59+00:00","twitter_card":"summary_large_image","schema":{"@context":"https:\/\/schema.org","@graph":[{"@type":"Organization","@id":"https:\/\/muserolling.ch\/#organization","name":"Muse Rolling","url":"https:\/\/muserolling.ch\/","sameAs":["https:\/\/www.facebook.com\/muserolling\/","https:\/\/www.instagram.com\/muserollingswitzerland\/","https:\/\/www.linkedin.com\/in\/muse-rolling-28694b198\/","https:\/\/www.youtube.com\/channel\/UCDagAEM9kRO6j7XiXIgMhAQ","https:\/\/www.pinterest.fr\/muserollingch\/"],"logo":{"@type":"ImageObject","@id":"https:\/\/muserolling.ch\/#logo","inLanguage":"en-GB","url":"https:\/\/muserolling.ch\/wp-content\/uploads\/2019\/10\/Logo-Muse-Rolling.png","contentUrl":"https:\/\/muserolling.ch\/wp-content\/uploads\/2019\/10\/Logo-Muse-Rolling.png","width":1388,"height":439,"caption":"Muse Rolling"},"image":{"@id":"https:\/\/muserolling.ch\/#logo"}},{"@type":"WebSite","@id":"https:\/\/muserolling.ch\/#website","url":"https:\/\/muserolling.ch\/","name":"Muse Rolling","description":"Inspiring Urban Motion","publisher":{"@id":"https:\/\/muserolling.ch\/#organization"},"potentialAction":[{"@type":"SearchAction","target":{"@type":"EntryPoint","urlTemplate":"https:\/\/muserolling.ch\/?s={search_term_string}"},"query-input":"required name=search_term_string"}],"inLanguage":"en-GB"},{"@type":"WebPage","@id":"https:\/\/muserolling.ch\/politique-de-confidentialite\/#webpage","url":"https:\/\/muserolling.ch\/politique-de-confidentialite\/","name":"Politique de confidentialit\u00e9 - Muse Rolling","isPartOf":{"@id":"https:\/\/muserolling.ch\/#website"},"datePublished":"2019-11-07T12:53:51+00:00","dateModified":"2023-10-02T16:46:59+00:00","breadcrumb":{"@id":"https:\/\/muserolling.ch\/politique-de-confidentialite\/#breadcrumb"},"inLanguage":"en-GB","potentialAction":[{"@type":"ReadAction","target":["https:\/\/muserolling.ch\/politique-de-confidentialite\/"]}]},{"@type":"BreadcrumbList","@id":"https:\/\/muserolling.ch\/politique-de-confidentialite\/#breadcrumb","itemListElement":[{"@type":"ListItem","position":1,"name":"Accueil","item":"https:\/\/muserolling.ch\/"},{"@type":"ListItem","position":2,"name":"Politique de confidentialit\u00e9"}]}]}},"_links":{"self":[{"href":"https:\/\/muserolling.ch\/en\/wp-json\/wp\/v2\/pages\/1174"}],"collection":[{"href":"https:\/\/muserolling.ch\/en\/wp-json\/wp\/v2\/pages"}],"about":[{"href":"https:\/\/muserolling.ch\/en\/wp-json\/wp\/v2\/types\/page"}],"author":[{"embeddable":true,"href":"https:\/\/muserolling.ch\/en\/wp-json\/wp\/v2\/users\/1"}],"replies":[{"embeddable":true,"href":"https:\/\/muserolling.ch\/en\/wp-json\/wp\/v2\/comments?post=1174"}],"version-history":[{"count":5,"href":"https:\/\/muserolling.ch\/en\/wp-json\/wp\/v2\/pages\/1174\/revisions"}],"predecessor-version":[{"id":47528,"href":"https:\/\/muserolling.ch\/en\/wp-json\/wp\/v2\/pages\/1174\/revisions\/47528"}],"wp:attachment":[{"href":"https:\/\/muserolling.ch\/en\/wp-json\/wp\/v2\/media?parent=1174"}],"curies":[{"name":"wp","href":"https:\/\/api.w.org\/{rel}","templated":true}]}}