{"id":1162,"date":"2019-11-06T16:38:35","date_gmt":"2019-11-06T15:38:35","guid":{"rendered":"https:\/\/muserolling.ch\/?page_id=1162"},"modified":"2025-03-11T16:38:51","modified_gmt":"2025-03-11T15:38:51","slug":"conditions-generales","status":"publish","type":"page","link":"https:\/\/muserolling.ch\/en\/conditions-generales\/","title":{"rendered":"CONDITIONS G\u00c9N\u00c9RALES"},"content":{"rendered":"<div id=\"conditions-generales\"     class=\"vc_row wpb_row section vc_row-fluid\" style=' text-align:left;'><div class=\"full_section_inner clearfix\"><div class=\"wpb_column vc_column_container vc_col-sm-12\"><div class=\"vc_column-inner\"><div class=\"wpb_wrapper\">\n\t<div class=\"wpb_text_column wpb_content_element\">\n\t\t<div class=\"wpb_wrapper\">\n\t\t\t<p align=\"justify\"><strong><span lang=\"en-US\">MUSE ROLLING SARL<\/span><\/strong><\/p>\n<p align=\"justify\"><span lang=\"fr-FR\"><b>TERMS OF USE<\/b><\/span><\/p>\n<p align=\"justify\"><span lang=\"fr-FR\"><b>1. Validity of the terms and conditions<\/b><\/span><\/p>\n<p align=\"justify\"><span lang=\"fr-FR\">These general terms and conditions (\u201cGTC\u201d) apply to all orders placed at Muse Rolling Sarl.\u00a0The version of the GTC published on the Muse Rolling Sarl homepage (<\/span><span style=\"color: #0563c1;\"><u><a href=\"https:\/\/muserolling.ch\/en\/\"><span lang=\"fr-FR\">https:\/\/muserolling.ch<\/span><\/a><\/u><\/span><span lang=\"fr-FR\">) shall apply and prevail over other versions.<\/span><\/p>\n<p align=\"justify\"><span lang=\"fr-FR\">Reference shall be made to Swiss substantive law where a matter is not specifically covered by the GTC.<\/span><\/p>\n<p align=\"justify\"><span lang=\"fr-FR\"><b>2. Prices<\/b><\/span><\/p>\n<p align=\"justify\"><span lang=\"fr-FR\">All prices are given in Swiss Francs.\u00a0Since Muse Rolling Sarl is not subject to VAT, no VAT is charged.<\/span><\/p>\n<p align=\"justify\"><span lang=\"fr-FR\"><b>3. Conclusion of the contract and payment<\/b><\/span><\/p>\n<p align=\"justify\"><span lang=\"fr-FR\">Any order placed by a customer shall be binding. The order will then be confirmed in writing, by e-mail, by Muse Rolling S\u00e0rl.\u00a0Upon confirmation of the order, a contract between Muse Rolling S\u00e0rl and the customer will come into effect.<\/span><\/p>\n<p align=\"justify\"><span lang=\"fr-FR\">The delivery date will be confirmed by Muse Rolling S\u00e0rl within 5 days from the order confirmation.<\/span><\/p>\n<p align=\"justify\"><span lang=\"fr-FR\">Specific design requirements by the customer will imply price variations.<\/span><\/p>\n<p align=\"justify\"><span lang=\"fr-FR\"><b>4. Payment<\/b><\/span><\/p>\n<p align=\"justify\"><span lang=\"fr-FR\">Any ordered goods shall be paid by PayPal at the time of the order or, if authorized by Muse Rolling Sarl, by bank transfer.<\/span><\/p>\n<p align=\"justify\"><span lang=\"fr-FR\"><b>5. Delivery<\/b><\/span><\/p>\n<p align=\"justify\"><span lang=\"fr-FR\">Orders are sent worldwide. A delivery fee which varies depending on the country of destination is added to the price quoted on the website.<\/span><\/p>\n<p align=\"justify\"><span lang=\"fr-FR\"><b>6. Retention of title<\/b><\/span><\/p>\n<p align=\"justify\"><span lang=\"fr-FR\">The delivered goods remain the property of Muse Rolling S\u00e0rl until paid in full.<\/span><\/p>\n<p align=\"justify\"><span lang=\"fr-FR\"><b>7. Cancellation<\/b><\/span><\/p>\n<p align=\"justify\"><span lang=\"fr-FR\">Since all goods are made to order, no cancellation shall be permitted by Muse Rolling Sarl.<\/span><\/p>\n<p align=\"justify\"><span lang=\"fr-FR\"><b>8. Warranty<\/b><\/span><\/p>\n<p align=\"justify\">Muse Rolling S\u00e0rl garantit la marchandise livr\u00e9e pour une p\u00e9riode de deux ans \u00e0 compter de la date de livraison. Les longboards sont con\u00e7us pour une utilisation raisonnable en milieu urbain. Ils servent \u00e0 se d\u00e9placer, et ne sont pas con\u00e7us pour une pratique sportive intense. Les longboards \u2013 en particulier leurs freins et leurs roues \u2013 ne sont pas con\u00e7us, ni adapt\u00e9s \u00e0 une pratique extr\u00eame, telle que la descente de pentes raides \u00e0 grande allure. La garantie est limit\u00e9e aux d\u00e9fauts de fabrication ou de mat\u00e9riaux. La garantie ne sera pas valable en cas (i) d\u2019une utilisation intensive, non-conforme aux prescriptions figurant dans cette clause (ii) d\u2019une mauvaise utilisation de la marchandise, ou (iii) d\u2019une usure normale, ou (iv) de modifications de la marchandise ou d\u2019un assemblage ou d\u2019une r\u00e9paration inappropri\u00e9e par le client, ou (v) d\u2019une utilisation de la marchandise dans les comp\u00e9titions sportives, ou (vi) un d\u00e9faut caus\u00e9 par un accident ou un choc ou (vii) une utilisation de la marchandise non-conforme au code de la route.<\/p>\n<p align=\"justify\"><span lang=\"fr-FR\">Any visible defect in the delivered good shall be notified to Muse Rolling S\u00e0rl in writing, by e-mail, within 7 days from the date of delivery. Any other defect shall be notified to Muse Rolling S\u00e0rl in writing, by e-mail, within 7 days from the date of discovery of the defect.<\/span><\/p>\n<p align=\"justify\"><span lang=\"fr-FR\">After returning the defective goods, the defect shall be rectified by Muse Rolling S\u00e0rl and the goods will be shipped back to the customer in the shortest period reasonably possible. If no rectification of the defect is possible, Muse Rolling S\u00e0rl will deliver replacement goods to the customer.<\/span><\/p>\n<p align=\"justify\"><span lang=\"fr-FR\">Any claim for a discount, conversion or compensation or any claim relating to any indirect or consequential damage is strictly excluded.<\/span><\/p>\n<p align=\"justify\"><span lang=\"fr-FR\"><b>9. Data protection<\/b><\/span><\/p>\n<p align=\"justify\"><span lang=\"fr-FR\">All personal information provided by the customer is treated in strict confidentiality and in complicance with applicable law<\/span><\/p>\n<p align=\"justify\"><span lang=\"fr-FR\"><b>10. Data security<\/b><\/span><\/p>\n<p align=\"justify\"><span lang=\"fr-FR\">Appropriate security technology is used to protect customer data against unauthorized processing.\u00a0However, no liability can be accepted for the security of the data transmitted on the Internet.\u00a0The data is transmitted unencrypted.<\/span><\/p>\n<p align=\"justify\"><span lang=\"fr-FR\"><b>11. Law and jurisdiction<\/b><\/span><\/p>\n<p align=\"justify\"><span lang=\"fr-FR\">All contracts concluded via the Muse Rolling S\u00e0rl website are subject to Swiss law, excluding the provisions of the Vienna Convention on contracts for the international sale of goods.\u00a0The place of jurisdiction shall be Canton de Vaud, Switzerland.<\/span><\/p>\n\n\t\t<\/div> \n\t<\/div> \t<div class=\"vc_empty_space\"  style=\"height: 32px\" ><span\n\t\t\tclass=\"vc_empty_space_inner\">\n\t\t\t<span class=\"empty_space_image\"  ><\/span>\n\t\t<\/span><\/div>\n\n<\/div><\/div><\/div><\/div><\/div><div      class=\"vc_row wpb_row section vc_row-fluid\" style=' text-align:left;'><div class=\"full_section_inner clearfix\"><div class=\"wpb_column vc_column_container vc_col-sm-12\"><div class=\"vc_column-inner\"><div class=\"wpb_wrapper\">\n\t<div class=\"wpb_raw_code wpb_content_element wpb_raw_html\" >\n\t\t<div class=\"wpb_wrapper\">\n\t\t\t<div class=\"preFooter\"><\/div>\n\t\t<\/div>\n\t<\/div>\n<\/div><\/div><\/div><\/div><\/div>","protected":false},"excerpt":{"rendered":"MUSE ROLLING SARL CONDITIONS G\u00c9N\u00c9RALES DE VENTE 1. Validit\u00e9 des conditions g\u00e9n\u00e9rales de vente Ces conditions g\u00e9n\u00e9rales de vente (\u00abCGV\u00bb) s'appliquent \u00e0 toutes les commandes pass\u00e9es chez Muse Rolling S\u00e0rl. La version des CGV publi\u00e9e sur la page d'accueil de Muse Rolling S\u00e0rl (https:\/\/muserolling.ch) s'applique...","protected":false},"author":1,"featured_media":0,"parent":0,"menu_order":0,"comment_status":"closed","ping_status":"closed","template":"full_width.php","meta":{"cybocfi_hide_featured_image":"","footnotes":""},"yoast_head":"<!-- This site is optimized with the Yoast SEO plugin v17.5 - https:\/\/yoast.com\/wordpress\/plugins\/seo\/ -->\n<title>CONDITIONS G\u00c9N\u00c9RALES - Muse Rolling<\/title>\n<meta name=\"robots\" content=\"index, follow, max-snippet:-1, max-image-preview:large, max-video-preview:-1\" \/>\n<link rel=\"canonical\" href=\"https:\/\/muserolling.ch\/en\/conditions-generales\/\" \/>\n<meta property=\"og:locale\" content=\"en_GB\" \/>\n<meta property=\"og:type\" content=\"article\" \/>\n<meta property=\"og:title\" content=\"CONDITIONS G\u00c9N\u00c9RALES - Muse Rolling\" \/>\n<meta property=\"og:url\" content=\"https:\/\/muserolling.ch\/en\/conditions-generales\/\" \/>\n<meta property=\"og:site_name\" content=\"Muse Rolling\" \/>\n<meta property=\"article:publisher\" content=\"https:\/\/www.facebook.com\/muserolling\/\" \/>\n<meta property=\"article:modified_time\" content=\"2025-03-11T15:38:51+00:00\" \/>\n<meta name=\"twitter:card\" content=\"summary_large_image\" \/>\n<script type=\"application\/ld+json\" class=\"yoast-schema-graph\">{\"@context\":\"https:\/\/schema.org\",\"@graph\":[{\"@type\":\"Organization\",\"@id\":\"https:\/\/muserolling.ch\/#organization\",\"name\":\"Muse Rolling\",\"url\":\"https:\/\/muserolling.ch\/\",\"sameAs\":[\"https:\/\/www.facebook.com\/muserolling\/\",\"https:\/\/www.instagram.com\/muserollingswitzerland\/\",\"https:\/\/www.linkedin.com\/in\/muse-rolling-28694b198\/\",\"https:\/\/www.youtube.com\/channel\/UCDagAEM9kRO6j7XiXIgMhAQ\",\"https:\/\/www.pinterest.fr\/muserollingch\/\"],\"logo\":{\"@type\":\"ImageObject\",\"@id\":\"https:\/\/muserolling.ch\/#logo\",\"inLanguage\":\"en-GB\",\"url\":\"https:\/\/muserolling.ch\/wp-content\/uploads\/2019\/10\/Logo-Muse-Rolling.png\",\"contentUrl\":\"https:\/\/muserolling.ch\/wp-content\/uploads\/2019\/10\/Logo-Muse-Rolling.png\",\"width\":1388,\"height\":439,\"caption\":\"Muse Rolling\"},\"image\":{\"@id\":\"https:\/\/muserolling.ch\/#logo\"}},{\"@type\":\"WebSite\",\"@id\":\"https:\/\/muserolling.ch\/#website\",\"url\":\"https:\/\/muserolling.ch\/\",\"name\":\"Muse Rolling\",\"description\":\"Inspiring Urban Motion\",\"publisher\":{\"@id\":\"https:\/\/muserolling.ch\/#organization\"},\"potentialAction\":[{\"@type\":\"SearchAction\",\"target\":{\"@type\":\"EntryPoint\",\"urlTemplate\":\"https:\/\/muserolling.ch\/?s={search_term_string}\"},\"query-input\":\"required name=search_term_string\"}],\"inLanguage\":\"en-GB\"},{\"@type\":\"WebPage\",\"@id\":\"https:\/\/muserolling.ch\/conditions-generales\/#webpage\",\"url\":\"https:\/\/muserolling.ch\/conditions-generales\/\",\"name\":\"CONDITIONS G\\u00c9N\\u00c9RALES - Muse Rolling\",\"isPartOf\":{\"@id\":\"https:\/\/muserolling.ch\/#website\"},\"datePublished\":\"2019-11-06T15:38:35+00:00\",\"dateModified\":\"2025-03-11T15:38:51+00:00\",\"breadcrumb\":{\"@id\":\"https:\/\/muserolling.ch\/conditions-generales\/#breadcrumb\"},\"inLanguage\":\"en-GB\",\"potentialAction\":[{\"@type\":\"ReadAction\",\"target\":[\"https:\/\/muserolling.ch\/conditions-generales\/\"]}]},{\"@type\":\"BreadcrumbList\",\"@id\":\"https:\/\/muserolling.ch\/conditions-generales\/#breadcrumb\",\"itemListElement\":[{\"@type\":\"ListItem\",\"position\":1,\"name\":\"Accueil\",\"item\":\"https:\/\/muserolling.ch\/\"},{\"@type\":\"ListItem\",\"position\":2,\"name\":\"CONDITIONS G\\u00c9N\\u00c9RALES\"}]}]}<\/script>\n<!-- \/ Yoast SEO plugin. -->","yoast_head_json":{"title":"CONDITIONS G\u00c9N\u00c9RALES - Muse Rolling","robots":{"index":"index","follow":"follow","max-snippet":"max-snippet:-1","max-image-preview":"max-image-preview:large","max-video-preview":"max-video-preview:-1"},"canonical":"https:\/\/muserolling.ch\/en\/conditions-generales\/","og_locale":"en_GB","og_type":"article","og_title":"CONDITIONS G\u00c9N\u00c9RALES - Muse Rolling","og_url":"https:\/\/muserolling.ch\/en\/conditions-generales\/","og_site_name":"Muse Rolling","article_publisher":"https:\/\/www.facebook.com\/muserolling\/","article_modified_time":"2025-03-11T15:38:51+00:00","twitter_card":"summary_large_image","schema":{"@context":"https:\/\/schema.org","@graph":[{"@type":"Organization","@id":"https:\/\/muserolling.ch\/#organization","name":"Muse Rolling","url":"https:\/\/muserolling.ch\/","sameAs":["https:\/\/www.facebook.com\/muserolling\/","https:\/\/www.instagram.com\/muserollingswitzerland\/","https:\/\/www.linkedin.com\/in\/muse-rolling-28694b198\/","https:\/\/www.youtube.com\/channel\/UCDagAEM9kRO6j7XiXIgMhAQ","https:\/\/www.pinterest.fr\/muserollingch\/"],"logo":{"@type":"ImageObject","@id":"https:\/\/muserolling.ch\/#logo","inLanguage":"en-GB","url":"https:\/\/muserolling.ch\/wp-content\/uploads\/2019\/10\/Logo-Muse-Rolling.png","contentUrl":"https:\/\/muserolling.ch\/wp-content\/uploads\/2019\/10\/Logo-Muse-Rolling.png","width":1388,"height":439,"caption":"Muse Rolling"},"image":{"@id":"https:\/\/muserolling.ch\/#logo"}},{"@type":"WebSite","@id":"https:\/\/muserolling.ch\/#website","url":"https:\/\/muserolling.ch\/","name":"Muse Rolling","description":"Inspiring Urban Motion","publisher":{"@id":"https:\/\/muserolling.ch\/#organization"},"potentialAction":[{"@type":"SearchAction","target":{"@type":"EntryPoint","urlTemplate":"https:\/\/muserolling.ch\/?s={search_term_string}"},"query-input":"required name=search_term_string"}],"inLanguage":"en-GB"},{"@type":"WebPage","@id":"https:\/\/muserolling.ch\/conditions-generales\/#webpage","url":"https:\/\/muserolling.ch\/conditions-generales\/","name":"CONDITIONS G\u00c9N\u00c9RALES - Muse Rolling","isPartOf":{"@id":"https:\/\/muserolling.ch\/#website"},"datePublished":"2019-11-06T15:38:35+00:00","dateModified":"2025-03-11T15:38:51+00:00","breadcrumb":{"@id":"https:\/\/muserolling.ch\/conditions-generales\/#breadcrumb"},"inLanguage":"en-GB","potentialAction":[{"@type":"ReadAction","target":["https:\/\/muserolling.ch\/conditions-generales\/"]}]},{"@type":"BreadcrumbList","@id":"https:\/\/muserolling.ch\/conditions-generales\/#breadcrumb","itemListElement":[{"@type":"ListItem","position":1,"name":"Accueil","item":"https:\/\/muserolling.ch\/"},{"@type":"ListItem","position":2,"name":"CONDITIONS G\u00c9N\u00c9RALES"}]}]}},"_links":{"self":[{"href":"https:\/\/muserolling.ch\/en\/wp-json\/wp\/v2\/pages\/1162"}],"collection":[{"href":"https:\/\/muserolling.ch\/en\/wp-json\/wp\/v2\/pages"}],"about":[{"href":"https:\/\/muserolling.ch\/en\/wp-json\/wp\/v2\/types\/page"}],"author":[{"embeddable":true,"href":"https:\/\/muserolling.ch\/en\/wp-json\/wp\/v2\/users\/1"}],"replies":[{"embeddable":true,"href":"https:\/\/muserolling.ch\/en\/wp-json\/wp\/v2\/comments?post=1162"}],"version-history":[{"count":16,"href":"https:\/\/muserolling.ch\/en\/wp-json\/wp\/v2\/pages\/1162\/revisions"}],"predecessor-version":[{"id":65359,"href":"https:\/\/muserolling.ch\/en\/wp-json\/wp\/v2\/pages\/1162\/revisions\/65359"}],"wp:attachment":[{"href":"https:\/\/muserolling.ch\/en\/wp-json\/wp\/v2\/media?parent=1162"}],"curies":[{"name":"wp","href":"https:\/\/api.w.org\/{rel}","templated":true}]}}